{"id":44,"date":"2023-04-11T18:10:45","date_gmt":"2023-04-11T16:10:45","guid":{"rendered":"https:\/\/ambasciatapraga.esteri.it\/?page_id=44"},"modified":"2024-07-29T13:46:36","modified_gmt":"2024-07-29T18:46:36","slug":"diplomazia-culturale","status":"publish","type":"page","link":"https:\/\/amblima.esteri.it\/it\/italia-e-peru\/diplomazia-culturale\/","title":{"rendered":"Diplomazia culturale"},"content":{"rendered":"<p class=\"x_MsoNormal\">La cooperazione culturale tra Italia e Per\u00f9 \u00e8 intensa e fruttifera, e si \u00e8 storicamente sviluppata nel profondo solco tracciato nel tempo da illustri studiosi, viaggiatori ed avventurieri italiani celebri per le loro attivit\u00e0 in questo Paese, tra cui \u00e8 impossibile non ricordare il geografo, botanico ed esploratore Antonio Raimondi e il condottiero Giuseppe Garibaldi, che visse in Per\u00f9 per alcuni anni prima di tornare in Italia per completare l\u2019opera risorgimentale.<\/p>\n<p class=\"x_MsoNormal\">Le ricchissime relazioni culturali bilaterali si sono poi saldamente ancorate all\u2019Accordo Culturale italo-peruviano del 1961, ancora oggi vigente, che fornisce il quadro di riferimento dell\u2019interazione fra i due Governi in \u00a0questo campo e a cui sono seguiti diversi Programmi Esecutivi, che toccano pressocch\u00e9 ogni ambito del partenariato: istruzione e diffusione della lingua e della cultura italiana anche con scambi scolastici, borse di studio, cooperazione universitaria, scientifica e tecnologica, cultura e arte, mostre e musei, protezione dei beni culturali e tutela del paesaggio culturale, missioni archeologiche, archivi, biblioteche ed editoria, collaborazioni radio-televisive, diritti dell\u2019uomo e scambi giovanili. Dal lato italiano, il compito di promuovere la lingua e la cultura italiana ricade, sempre d\u2019intesa con l\u2019Ambasciata d\u2019Italia, principalmente sul grande e strutturato Istituto Italiano di Cultura di Lima (IIC), la cui sede \u00e8 un edificio di particolare pregio storico, costruito nel 1930 e per decenni sede del collegio italiano di Lima. Il complesso, sito nella Avenida Arequipa, \u00e8 stato riconosciuto dallo Stato peruviano come monumento parte del patrimonio culturale nazionale. Altro sicuro punto di riferimento per la promozione della cultura italiana in Per\u00f9 \u00e8 il Teatro Pirandello, di propriet\u00e0 dello Stato italiano, che con oltre 750 sedute \u00e8 il terzo pi\u00f9 grande della capitale peruviana.<\/p>\n<p class=\"x_MsoNormal\">In tale contesto, negli ultimi anni Ambasciata e IIC hanno investito particolari energie nello sviluppo delle relazioni culturali tra Italia e Per\u00f9 in ogni ambito. Numerosi e di particolare pregio sono stati gli eventi organizzati soprattutto in ambito operistico e letterario per incrementare l\u2019interesse verso la nostra lingua e letteratura, come da ultimo testimoniato dalla decisione unanime del comitato organizzatore peruviano di dedicare all\u2019Italia il ruolo di ospite d\u2019onore della prossima Fiera Internazionale del Libro di Lima (2025), fra le pi\u00f9 importanti della regione, nell\u2019ambito di una grande cerimonia nel corso dell\u2019attuale XXVIII edizione (19 luglio &#8211; 6 agosto 2024). Di grandissimo livello sono stati, poi, i letterati e gli artisti italiani e italo-peruviani che sono passati per Lima grazie alle attivit\u00e0 di promozione svolte dalle nostre istituzioni. Fra i tanti, merita ricordare Paolo Giordano, Carmen Consoli, Ivan Ayon, Antonio Onorato, Stefano Roselli, Michele De Lucchi e Simona Todaro Pavarotti, solo per citarne alcuni, attraverso la presentazione di concerti, eventi e master class di altissimo livello. Inoltre, grande rilevanza \u00e8 stata data alle collaborazioni con importanti festival e rassegne locali, anche in ambito enogastronomico, dove la Settimana della Cucina Italiana si \u00e8 dimostrata utile strumento per fare dialogare le eccellenze gastronomiche italiane con quelle peruviane, Paese che ha incluso nella sua tradizione culinaria molti piatti di origine italiana. Tutte queste attivit\u00e0, svolte sempre in collaborazione con enti italiani e istituzioni peruviane in ogni ambito (cinema, musica, arte, danza, design, moda, fotografia, letteratura, scienza e gastronomia ecc.) hanno poi contribuito a incrementare la gi\u00e0 forte domanda di corsi di lingua e cultura italiana, che vedono nell\u2019IIC di Lima un sicuro e prestigioso punto di riferimento nel panorama nazionale peruviano, e senz\u2019altro incoraggiano un fitto dialogo interculturale tra i due Paesi che trascende ormai dall\u2019ambito istituzionale.<\/p>\n<p class=\"x_MsoNormal\">In ambito accademico, merita inoltre segnalare che sono estremamente numerose le collaborazioni interuniversitarie e le convenzioni sottoscritte tra Universit\u00e0 italiane e peruviane. A oggi risultano oltre 130 accordi di tale natura, nei pi\u00f9 vari ambiti di studio e ricerca. Di particolare rilievo, in questo senso, risulta la collaborazione delle istituzioni italiane con la \u201cAlianza Estrat\u00e9gica\u201d, un consorzio di Universit\u00e0 pubbliche peruviane fra le pi\u00f9 antiche e conosciute (ad es. Universidad Nacional Mayor de San Marcos, Universidad de Ingenieria e Universidad Nacional Agraria \u2013 La Molina). La Alianza Estrat\u00e9gica coordina gli scambi studenteschi con partner accademici di vari Paesi, tra cui, in Italia, le Universit\u00e0 di Roma Tre, Torino, Pisa e altre. Una convenzione siglata localmente dall\u2019Istituto Italiano di Cultura di Lima con tale consorzio permette agli universitari peruviani, che desiderino intraprendere periodi di studio in Italia, di accedere facilmente a corsi di lingua italiana e di espletare agevolmente le pratiche necessarie.<\/p>\n<p class=\"x_MsoNormal\">Nell\u2019ambito, invece, del sistema scolastico locale, eccellenti riconoscimenti di qualit\u00e0 sono stati ottenuti dall\u2019Istituto Omnicomprensivo Paritario italiano \u201cAntonio Raimondi\u201d di Lima, scuola paritaria per tutto il ciclo di istruzione superiore che rilascia diplomi riconosciuti in entrambi i Paesi ed \u00e8 gestita dall\u2019Associazione Educativa Antonio Raimondi (AEAR). Altro punto di sicura eccellenza \u00e8 il Collegio \u201cDante Alighieri\u201d di Lima, attualmente parificato fino al livello della scuola secondaria inferiore e pure gestito dall\u2019AEAR, che collabora attivamente con Ambasciata e IIC per valorizzare la cultura e la presenza italiana in Per\u00f9. Sempre in quest\u2019ambito, una menzione speciale meritano sia il Collegio Santa Margherita del Callao che, pur non godendo attualmente della parit\u00e0, \u00e8 la pi\u00f9 antica scuola di origine italiana della costa del Pacifico ancora attiva, che ha celebrato il 2 giugno 2024 ben 152 anni di storia, sia le diverse scuole peruviane, ma basate su didattica e metodologia di insegnamento italiana, fondate dal missionario salesiano Ugo De Censi fra cui spicca la c.d. Scuola Totale di Nuovo Chimbote, in Ancash.<\/p>\n<p class=\"x_MsoNormal\">Occorre, infine, ricordare i profondi legami italo-peruviani, legati ai temi dell\u2019archeologia, della conservazione e del restauro del patrimonio artistico e archeologico su basi scientifiche. Si tratta di sempre pi\u00f9 intense attivit\u00e0 di collaborazione nella tutela del patrimonio culturale testimoniate non solo dai corsi erogati dai Carabinieri del Nucleo Tutela Patrimonio Culturale e dalle attivit\u00e0 dei c.d. Caschi Blu della Cultura, ma anche dalle attivit\u00e0 di reciproca consegna di beni culturali trafugati: dalla cerimonia di consegna a Lima di un considerevole numero di monete di epoca romana sequestrate dalla Polizia Peruviana a Cusco (marzo 2023) alla consegna in Italia di ben 33 reperti delle culture pre-colombiane Nasca, Wari e Inca riportate in Per\u00f9 a marzo 2024. \u00a0\u00a0In questo senso, esemplare \u00e8 l\u2019esperienza delle missioni archeologiche italiane portate avanti negli anni anche con il supporto del Ministero degli Affari Esteri e della Cooperazione Internazionale. Tali missioni sono radicate da decenni in Per\u00f9, e godono di un prestigio unanimemente riconosciuto.<\/p>\n<p class=\"x_MsoNormal\">Si tratta degli scavi, riferiti a culture precolombiane, a:<\/p>\n<ul type=\"disc\">\n<li class=\"x_MsoNormal\">Cahuachi (valle di Nazca, nella zona meridionale del Per\u00f9),<\/li>\n<li class=\"x_MsoNormal\">Chan Chan (nel Nord, vicino alla citt\u00e0 di Trujillo),<\/li>\n<li class=\"x_MsoNormal\">Tumshukayko (regione di Ancash),<\/li>\n<li class=\"x_MsoNormal\">P\u00f3mac (nel Nord, vicino a Lambayeque),<\/li>\n<\/ul>\n<p class=\"x_MsoNormal\">nonch\u00e9 alle indagini geofisiche sviluppate dal C.N.R. con tecnologie di rilevazione satellitare in varie zone, come:<\/p>\n<ul type=\"disc\">\n<li class=\"x_MsoNormal\">Huacas (importante progetto di archeologia spaziale nelle regioni centro-settentrionali del Paese),<\/li>\n<li class=\"x_MsoNormal\">Valle di Nazca,<\/li>\n<li class=\"x_MsoNormal\">Cusco e Macchu Picchu.<\/li>\n<\/ul>\n<p class=\"x_MsoNormal\">Al di l\u00e0 delle attivit\u00e0 di scavo, altro fronte dell\u2019intervento italiano nel Paese ha riguardato la cooperazione in tema di valorizzazione e creazione di infrastrutture per agevolare la conservazione e l\u2019accessibilit\u00e0 ai siti archeologici da parte dei turisti (come ad esempio il sito di Sip\u00e1n, ritrovamento di grande rilievo che \u00e8 stato dotato di servizi e valorizzato a opera del FIP \u2013 Fondo Italo-Peruano di conversione del debito, importante entit\u00e0 di cooperazione bilaterale che ha cessato le sue attivit\u00e0 a fine 2018).<\/p>\n<p class=\"x_MsoNormal\"><b>CONTATTI<\/b>:<\/p>\n<p class=\"x_MsoNormal\">ISTITUTO ITALIANO DI CULTURA DI LIMA<br \/>\nAvenida Arequipa 1055 \u2013 Lima 1<br \/>\nE-mail:\u00a0<a href=\"mailto:iiclima@esteri.it\" target=\"_blank\" rel=\"noopener noreferrer\">iiclima@esteri.it<\/a><\/p>\n<p class=\"x_MsoNormal\">Segreteria corsi di lingua italiana<br \/>\nTel. (+51 1) 4717074 \/ 4726466<br \/>\nE-mail:\u00a0<a href=\"mailto:corsidilingua.iiclima@esteri.it\" target=\"_blank\" rel=\"noopener noreferrer\">corsidilingua.iiclima@esteri.it<\/a><\/p>\n<p class=\"x_MsoNormal\"><b><br \/>\n<a href=\"https:\/\/iiclima.esteri.it\/it\/lingua-e-cultura\/i-corsi-di-lingua\/\" target=\"_blank\" rel=\"noopener noreferrer\">PROGRAMMA CORSI DI LINGUA ITALIANA<\/a><\/b><\/p>\n<p class=\"x_MsoNormal\"><a href=\"https:\/\/iiclima.esteri.it\/it\/gli_eventi\/calendario\/\" target=\"_blank\" rel=\"noopener noreferrer\"><b>AGENDA CULTURALE<\/b><\/a><\/p>\n<p class=\"x_MsoNormal\"><b><br \/>\nLINK UTILI<\/b>:<\/p>\n<p class=\"x_MsoNormal\">ISTITUTO ITALIANO DI CULTURA DI LIMA \u2013\u00a0<a href=\"https:\/\/iiclima.esteri.it\/it\/\" target=\"_blank\" rel=\"noopener noreferrer\">https:\/\/iiclima.esteri.it\/it\/<\/a><\/p>\n<p class=\"x_MsoNormal\">COLLEGIO ITALIANO ANTONIO RAIMONDI \u2013\u00a0<a href=\"http:\/\/www.raimondi.edu.pe\/\" target=\"_blank\" rel=\"noopener noreferrer\">www.raimondi.edu.pe<\/a><\/p>\n<p class=\"x_MsoNormal\"><a href=\"http:\/\/www.esteri.it\/mae\/it\/politica_estera\/cultura\/scuoleitalianeallestero\" target=\"_blank\" rel=\"noopener noreferrer\"><b>LE SCUOLE ITALIANE ALL\u2019ESTERO<\/b><\/a><\/p>\n<p class=\"x_MsoNormal\"><b>STUDIARE IN ITALIA<br \/>\n<\/b><br \/>\nPer informazioni, consulta l\u2019apposita sezione del sito e fai riferimento anche all\u2019IIC, per cui per pi\u00f9 informazioni a\u00a0<a href=\"https:\/\/iiclima.esteri.it\/it\/lingua-e-cultura\/studiare-in-italia\/\" target=\"_blank\" rel=\"noopener noreferrer\"><b>questo link<\/b><\/a>.<\/p>\n<p class=\"x_MsoNormal\"><b>CAMPUS E RESIDENZE UNIVERSITARIE<\/b><\/p>\n<p class=\"x_MsoNormal\">Qualora le universit\u00e0 siano sprovviste di Campus\u00a0si comunica che le residenze universitarie della Conferenza dei Collegi Universitari (CCU,\u00a0<a href=\"http:\/\/www.collegiuniversitari.it\/it\/index.aspx\" target=\"_blank\" rel=\"noopener noreferrer\">http:\/\/www.collegiuniversitari.it\/<\/a>) riconosciuti dal MIUR e ubicati in varie\u00a0citt\u00e0 italiane, costituiscono soluzioni notevolmente competitive in termini di rapporto qualit\u00e0\/prezzo.<\/p>\n<p class=\"x_MsoNormal\">Nell\u2019ambito della CCU si segnalano anche i collegi della Fondazione RUI (<a href=\"http:\/\/www.fondazionerui.it\/it\/index.aspx\" target=\"_blank\" rel=\"noopener noreferrer\">www.fondazionerui.it<\/a>) e Camplus (<a href=\"http:\/\/www.camplus.it\/\" target=\"_blank\" rel=\"noopener noreferrer\">www.camplus.it<\/a>).<\/p>\n<p class=\"x_MsoNormal\">Il Ministero degli Affari Esteri e della\u00a0Cooperazione Internazionale non si assume responsabilit\u00e0 per eventuali danni derivanti dalla scelta di una delle suddette residenze universitarie.<\/p>\n<p class=\"x_MsoNormal\">(luglio 2024)<\/p>\n","protected":false},"excerpt":{"rendered":"La cooperazione culturale tra Italia e Per\u00f9 \u00e8 intensa e fruttifera, e si \u00e8 storicamente sviluppata nel profondo solco tracciato nel tempo da illustri studiosi, viaggiatori ed avventurieri italiani celebri per le loro attivit\u00e0 in questo Paese, tra cui \u00e8 impossibile non ricordare il geografo, botanico ed esploratore Antonio Raimondi e il condottiero Giuseppe Garibaldi, [&hellip;]","protected":false},"author":1,"featured_media":0,"parent":14,"menu_order":2,"comment_status":"closed","ping_status":"closed","template":"","meta":{"footnotes":""},"class_list":["post-44","page","type-page","status-publish","hentry"],"_links":{"self":[{"href":"https:\/\/amblima.esteri.it\/it\/wp-json\/wp\/v2\/pages\/44","targetHints":{"allow":["GET"]}}],"collection":[{"href":"https:\/\/amblima.esteri.it\/it\/wp-json\/wp\/v2\/pages"}],"about":[{"href":"https:\/\/amblima.esteri.it\/it\/wp-json\/wp\/v2\/types\/page"}],"author":[{"embeddable":true,"href":"https:\/\/amblima.esteri.it\/it\/wp-json\/wp\/v2\/users\/1"}],"replies":[{"embeddable":true,"href":"https:\/\/amblima.esteri.it\/it\/wp-json\/wp\/v2\/comments?post=44"}],"version-history":[{"count":6,"href":"https:\/\/amblima.esteri.it\/it\/wp-json\/wp\/v2\/pages\/44\/revisions"}],"predecessor-version":[{"id":4985,"href":"https:\/\/amblima.esteri.it\/it\/wp-json\/wp\/v2\/pages\/44\/revisions\/4985"}],"up":[{"embeddable":true,"href":"https:\/\/amblima.esteri.it\/it\/wp-json\/wp\/v2\/pages\/14"}],"wp:attachment":[{"href":"https:\/\/amblima.esteri.it\/it\/wp-json\/wp\/v2\/media?parent=44"}],"curies":[{"name":"wp","href":"https:\/\/api.w.org\/{rel}","templated":true}]}}