{"id":46,"date":"2023-04-11T18:11:52","date_gmt":"2023-04-11T16:11:52","guid":{"rendered":"https:\/\/ambasciatapraga.esteri.it\/?page_id=46"},"modified":"2023-12-15T19:34:33","modified_gmt":"2023-12-16T00:34:33","slug":"cooperazione-allo-sviluppo","status":"publish","type":"page","link":"https:\/\/amblima.esteri.it\/it\/italia-e-peru\/cooperazione-allo-sviluppo\/","title":{"rendered":"Cooperazione allo sviluppo"},"content":{"rendered":"<div>\n<p style=\"text-align: justify;\">Ad <strong>ottobre 2001<\/strong> venne firmato l\u2019<strong>Accordo di Conversione del Debito<\/strong> tra Italia e Per\u00fa, grazie al quale venne istituito il <strong>Fondo Italo-Peruviano (FIP)<\/strong>.Quest\u2019accordo si inser\u00ec nel pi\u00f9 ampio movimento internazionale volto alla riduzione e alla conversione del debito esterno dei paesi in via di sviluppo e mir\u00f2 sia ad alleggerire il carico del debito peruviano, sia ad incrementare le risorse destinate allo sviluppo socio-economico del Paese.<\/p>\n<p style=\"text-align: justify;\">Questa operazione di conversione del debito divenne rapidamente il pilastro centrale della cooperazione italiana in Per\u00f9, alla luce delle somme allocate, della sua dimensione sociale e dell\u2019arco temporale coinvolto. Ha inoltre rappresentato <strong>un precedente importante per gli accordi di questo genere,<\/strong> siglati dall\u2019Italia con molti altri Governi latinoamericani.<\/p>\n<p style=\"text-align: justify;\">Il FIP \u00e8 stato attivo fino a dicembre 2018, ed ha finanziato progetti di cooperazione volti alla <strong>riduzione della povert\u00e0 rurale ed urbana, alla promozione dello sviluppo socio-economico<\/strong>, <strong>al miglioramento delle condizioni delle donne e alla difesa dell\u2019ambiente.<\/strong> In diciassette anni di attivit\u00e0, ha convertito circa <strong>200 milioni di dollari di debito<\/strong> tra Italia e Per\u00f9 in oltre <strong>300 progetti<\/strong> di cooperazione allo sviluppo, <strong>a beneficio di pi\u00f9 di 2 milioni di peruviani<\/strong> in condizioni di povert\u00e0 ed esclusione sociale.<\/p>\n<p style=\"text-align: justify;\">Tra i progetti di maggiore impatto ricordiamo l\u2019apertura del \u201c<strong>Museo de Sitio de Huaca Rajada<\/strong>\u201d a Sip\u00e1n, nei pressi della citt\u00e0 di Chiclayo, che espone reperti della cultura pre-incaica Moche ed ha contribuito <strong>allo sviluppo della comunit\u00e0 locale<\/strong>, rafforzandone il senso di appartenenza e la consapevolezza storica. Il museo \u00e8 rapidamente diventato il secondo pi\u00f9 visitato della regione.<\/p>\n<p style=\"text-align: justify;\">Oggi, grazie agli importanti progressi nella lotta alla povert\u00e0, favoriti anche da anni di sostenuta crescita economica, Italia e Per\u00f9 hanno deciso di sospendere la cooperazione pubblica allo sviluppo, anche in base ai parametri OCSE che situano il Per\u00f9 nel gruppo di paesi di reddito medio. <strong>Il 31 dicembre 2018 ha cessato cos\u00ec di operare il Fondo Italo-Peruviano<\/strong>.<\/p>\n<p style=\"text-align: justify;\">Questo per\u00f2 non ha posto la parola fine alla cooperazione allo sviluppo in Per\u00f9, che \u00e8 ancora garantita dall\u2019impegno continuo di un <strong>nutrito gruppo di Organizzazioni Non Governative<\/strong>, molte delle quali associate in un organismo di coordinamento chiamato COIPE (Cooperazione Italiana in Per\u00fa). Lo Stato italiano continua poi a fornire aiuti in situazioni di emergenza ed ha trasformato alcuni programmi di cooperazione in strumenti di collaborazione pi\u00f9 adeguati alla mutata realt\u00e0 economica del Per\u00f9. Quanto alla rete di ONG ancora operante in Per\u00f9, essa \u00e8 molto vasta e diversificata a testimonianza dell&#8217;impegno e vicinanza tra le due Nazioni.<\/p>\n<p style=\"text-align: justify;\">Riportiamo qui di seguito alcune <strong>fra le pi\u00f9 importanti ONG<\/strong> presenti attualmente in Per\u00f9:<\/p>\n<ul>\n<li style=\"text-align: justify;\"><a href=\"http:\/\/aspem.org.pe\/inicio\/\">Aspem<\/a><\/li>\n<li style=\"text-align: justify;\"><a href=\"https:\/\/www.avsi.org\/it\/\">Avsi<\/a><\/li>\n<li style=\"text-align: justify;\"><a href=\"http:\/\/www.cesvi.org.pe\/\">Cesvi<\/a><\/li>\n<li style=\"text-align: justify;\"><a href=\"https:\/\/www.coopi.org\/en\/country\/peru.html?ln=3\">Coopi<\/a><\/li>\n<li style=\"text-align: justify;\"><a href=\"https:\/\/www.dokita.org\/\">Dokita<\/a><\/li>\n<li style=\"text-align: justify;\"><a href=\"https:\/\/www.focsiv.it\/\">Focsiv<\/a><\/li>\n<li style=\"text-align: justify;\"><a href=\"http:\/\/www.gvc-italia.org\/\">GVC<\/a><\/li>\n<li style=\"text-align: justify;\"><a href=\"https:\/\/iboitalia.org\/\">Ibo<\/a><\/li>\n<li style=\"text-align: justify;\"><a href=\"https:\/\/www.artesanosdonbosco.org\/it\/operazione-mato-grosso\/\">Operazione Mato Grosso<\/a><\/li>\n<li style=\"text-align: justify;\"><a href=\"https:\/\/www.progettomondomlal.org\/\">ProgettoMondo Mlal<\/a><\/li>\n<li style=\"text-align: justify;\"><a href=\"https:\/\/terredeshommessuisse.org.pe\/quienes-somos\/sedes\/\">Terre des Hommes<\/a><\/li>\n<li style=\"text-align: justify;\"><a href=\"http:\/\/www.terranuova.org.pe\/\">Terra Nuova<\/a><\/li>\n<\/ul>\n<\/div>\n","protected":false},"excerpt":{"rendered":"Ad ottobre 2001 venne firmato l\u2019Accordo di Conversione del Debito tra Italia e Per\u00fa, grazie al quale venne istituito il Fondo Italo-Peruviano (FIP).Quest\u2019accordo si inser\u00ec nel pi\u00f9 ampio movimento internazionale volto alla riduzione e alla conversione del debito esterno dei paesi in via di sviluppo e mir\u00f2 sia ad alleggerire il carico del debito peruviano, [&hellip;]","protected":false},"author":1,"featured_media":0,"parent":14,"menu_order":6,"comment_status":"closed","ping_status":"closed","template":"","meta":{"footnotes":""},"class_list":["post-46","page","type-page","status-publish","hentry"],"_links":{"self":[{"href":"https:\/\/amblima.esteri.it\/it\/wp-json\/wp\/v2\/pages\/46","targetHints":{"allow":["GET"]}}],"collection":[{"href":"https:\/\/amblima.esteri.it\/it\/wp-json\/wp\/v2\/pages"}],"about":[{"href":"https:\/\/amblima.esteri.it\/it\/wp-json\/wp\/v2\/types\/page"}],"author":[{"embeddable":true,"href":"https:\/\/amblima.esteri.it\/it\/wp-json\/wp\/v2\/users\/1"}],"replies":[{"embeddable":true,"href":"https:\/\/amblima.esteri.it\/it\/wp-json\/wp\/v2\/comments?post=46"}],"version-history":[{"count":4,"href":"https:\/\/amblima.esteri.it\/it\/wp-json\/wp\/v2\/pages\/46\/revisions"}],"predecessor-version":[{"id":3419,"href":"https:\/\/amblima.esteri.it\/it\/wp-json\/wp\/v2\/pages\/46\/revisions\/3419"}],"up":[{"embeddable":true,"href":"https:\/\/amblima.esteri.it\/it\/wp-json\/wp\/v2\/pages\/14"}],"wp:attachment":[{"href":"https:\/\/amblima.esteri.it\/it\/wp-json\/wp\/v2\/media?parent=46"}],"curies":[{"name":"wp","href":"https:\/\/api.w.org\/{rel}","templated":true}]}}