{"id":49,"date":"2023-04-11T18:13:11","date_gmt":"2023-04-11T16:13:11","guid":{"rendered":"https:\/\/ambasciatapraga.esteri.it\/?page_id=49"},"modified":"2026-04-07T08:42:46","modified_gmt":"2026-04-07T13:42:46","slug":"passaporti-e-carte-didentita","status":"publish","type":"page","link":"https:\/\/amblima.esteri.it\/it\/servizi-consolari-e-visti\/servizi-per-il-cittadino-italiano\/passaporti-e-carte-didentita\/","title":{"rendered":"Passaporti"},"content":{"rendered":"<h2 style=\"text-align: justify;\">Passaporti<\/h2>\n<p style=\"text-align: justify;\">Il passaporto \u00e8 un documento sia di viaggio che di riconoscimento rilasciato:<\/p>\n<ul style=\"text-align: justify;\">\n<li>in Italia dalle Questure;<\/li>\n<li>all&#8217;estero dalle Rappresentanze diplomatico-consolari.<\/li>\n<\/ul>\n<p style=\"text-align: justify;\">\u00c8 valido per tutti i Paesi i cui Governi sono riconosciuti dal Governo italiano.<\/p>\n<h3 style=\"text-align: justify;\"><strong><br \/>\nRILASCIO DEL PASSAPORTO ORDINARIO<\/strong><\/h3>\n<p style=\"text-align: justify;\">Per passaporto ordinario si intende il passaporto elettronico che \u2014a partire dal 26 ottobre 2006\u2014 ha sostituito i precedenti modelli. Esso utilizza moderne tecnologie, quali la stampa anticontraffazione ed un microprocessore contenente i dati del titolare e dell\u2019autorit\u00e0 che lo ha rilasciato, che offrono standard elevati di sicurezza.<\/p>\n<p style=\"text-align: justify;\">La validit\u00e0 temporale del passaporto differisce in base all\u2019et\u00e0 del titolare:<\/p>\n<ul style=\"text-align: justify;\">\n<li>per i minori di 3 anni la validit\u00e0 \u00e8 di 3 anni;<\/li>\n<li>per i minori dai 3 ai 18 anni la validit\u00e0 \u00e8 di 5 anni;<\/li>\n<li>per i maggiorenni la validit\u00e0 \u00e8 di 10 anni.<\/li>\n<\/ul>\n<p style=\"text-align: justify;\"><strong>I passaporti scaduti non possono pi\u00f9 essere rinnovati, sar\u00e0 invece emesso un nuovo passaporto<\/strong>.<\/p>\n<p style=\"text-align: justify;\">Di norma la domanda di rilascio del passaporto va presentata all\u2019Ufficio competente territorialmente in base alla residenza del richiedente, in Italia o all\u2019estero. I residenti in Per\u00f9 devono essere iscritti all&#8217; <a href=\"https:\/\/amblima.esteri.it\/it\/servizi-consolari-e-visti\/servizi-per-il-cittadino-italiano\/anagrafe-italiani-residenti-allestero-a-i-r-e\/iscrizione-aire-e-comunicazione-variazione-residenza-in-peru-tramite-i-canali-tradizionali\/\">AIRE<\/a>,\u00a0con il <strong>fascicolo personale <span style=\"text-decoration: underline;\">aggiornato<\/span> (matrimonio, divorzio, figli minori registrati, variazione indirizzo, ecc.) <span style=\"text-decoration: underline;\">prima<\/span> di presentare la domanda di rilascio del passaporto<\/strong>.<\/p>\n<p style=\"text-align: justify;\">I cittadini italiani possono comunque chiedere il rilascio del passaporto presso\u00a0qualsiasi Ufficio emittente, sia in Italia sia all&#8217;estero, ma in tali casi sar\u00e0 necessario acquisire preventivamente la delega da parte dell&#8217;Ufficio (Questura o Consolato) competente per residenza.<\/p>\n<p style=\"text-align: justify;\">La delega deve essere espressa, pertanto, nel caso in cui la domanda venga presentata presso una circoscrizione consolare in cui non si \u00e8 residente. E&#8217; bene tenere presente che la necessaria delega della Questura\/Consolato competente potrebbe rendere pi\u00f9 lunghi i tempi di rilascio. Il connazionale richieder\u00e0 al Consolato la delega il giorno dell&#8217;appuntamento allo sportello.<\/p>\n<p>&nbsp;<\/p>\n<h3 style=\"text-align: justify;\"><strong>PASSAPORTO INDIVIDUALE PER I MINORENNI<\/strong><\/h3>\n<p style=\"text-align: justify;\">A norma del Decreto Legge n. 135\/2009, convertito in legge n. 166\/2009, dal 25 novembre 2009 non \u00e8 pi\u00f9 possibile iscrivere i figli minori sul passaporto dei genitori. I minorenni devono essere pertanto muniti di passaporto individuale.<\/p>\n<p style=\"text-align: justify;\">Per il rilascio del passaporto \u00e8 obbligatoria la presenza del minorenne e di ambedue genitori (insieme o separatamente), i quali dovranno presentare un documento di identit\u00e0 in originale e copia semplice.<\/p>\n<p style=\"text-align: justify;\">Se la presenza di uno dei genitori non fosse possibile, dovr\u00e0 presentare un &#8220;atto di assenso&#8221;, sottoscritto dal progenitore assente (<a href=\"https:\/\/amblima.esteri.it\/it\/servizi-consolari-e-visti\/servizi-per-il-cittadino-italiano\/passaporti-e-carte-didentita\/atto_di_assenso_per_italiani\/\">scaricare modello per i cittadini italiani),<\/a> allegando copia di un documento di identit\u00e0 e consegnato nello sportello\u00a0dalla persona che richiede il passaporto.<\/p>\n<p style=\"text-align: justify;\">Nel caso in cui il progenitore non sia cittadino europeo, dovr\u00e0 presentarsi personalmente per sottoscrivere davanti ad un funzionario della Cancelleria Consolare dell&#8217;Ambasciata l&#8217; &#8220;atto di assenso&#8221; (<a href=\"https:\/\/amblima.esteri.it\/wp-content\/uploads\/2024\/01\/atto_di_assenso_per_stranieri.doc\">scaricare modello per gli stranieri<\/a>), allegando copia semplice di un documento di identit\u00e0.<\/p>\n<p style=\"text-align: justify;\">Se il progenitore che deve firmare l&#8217;atto d&#8217;assenso non \u00e8 cittadino europeo e non \u00e8\u00a0in Per\u00f9, e si trova in un altro paese diverso dal\u00a0quale si richiede il passaporto, dovr\u00e0 presentarsi\u00a0presso l&#8217;Ambasciata o Consolato d&#8217;Italia (se \u00e8 all&#8217;estero)\u00a0o alla Questura del luogo di residenza (se si trova in Italia) per firmare detto\u00a0atto.\u00a0Il documento in originale si presenter\u00e0 nello sportello, unito al documento di identit\u00e0 del firmatario, dalla persona che richiede il passaporto.<\/p>\n<p style=\"text-align: justify;\">In caso di decesso di uno dei genitori, \u00e8 necessario presentare l\u2019atto di morte dello stesso.<\/p>\n<h3 style=\"text-align: justify;\"><strong>DOCUMENTAZIONE NECESSARIA AI FINI DEL RILASCIO DEL PASSAPORTO ORDINARIO<\/strong><\/h3>\n<ol style=\"text-align: justify;\">\n<li><a href=\"https:\/\/amblima.esteri.it\/wp-content\/uploads\/2024\/02\/DOMANDA-PASSAPORTO.pdf\"><strong>Formulario di richiesta del passaporto<\/strong><\/a>, debitamente compilato e sottoscritto dall&#8217;interessato;<\/li>\n<li>Documento d&#8217;identit\u00e0 (D.N.I.) originale e copia semplice; per gli stranieri residenti in Per\u00f9 &#8220;carn\u00e9 de extranjer\u00eda&#8221;, o qualsiasi documento che attesti la residenza nella circoscrizione, originale e copia semplice;<\/li>\n<li>1 fotografia recente (frontale, a colori, sfondo bianco, formato 3,5 x 4,0 cm);<\/li>\n<li>Vecchio passaporto italiano, originale e copia semplice -se posseduto- o denuncia di smarrimento o furto del passaporto, se fosse il caso;<\/li>\n<li>Passaporto peruviano in corso di validit\u00e0, originale e copia semplice -se posseduto- per chi ha la doppia cittadinanza (necessario per minorenni e la prima volta che si presenta richiesta del rilascio del passaporto italiano);<\/li>\n<li>Costo per il rilascio del passaporto: <strong>462 Soles<\/strong> <span style=\"text-decoration: underline;\">in contanti e nella valuta indicata<\/span> (<a href=\"https:\/\/amblima.esteri.it\/it\/servizi-consolari-e-visti\/servizi-per-il-cittadino-italiano\/albo-consolare-e-altri-servizi\/diritti-consolari\/\">l&#8217;importo viene aggiornato ogni tre mesi<\/a>). Si ricorda che il pagamento viene effettuato presso lo sportello della Cancelleria Consolare al momento di presentare i requisiti sopraindicati per il rilascio del passaporto.<\/li>\n<li>Atto di assenso per il rilascio del passaporto per i minorenni.<\/li>\n<\/ol>\n<p style=\"text-align: justify;\">Si informano i connazionali, <strong>genitori di figli minori<\/strong>, che a partire dal <strong>14 giugno 2023<\/strong> non sar\u00e0 pi\u00f9 necessario presentare <strong>l\u2019atto di assenso dell\u2019altro genitore<\/strong> ai fini del rilascio del <strong>proprio<\/strong> documento d\u2019identit\u00e0 (Passaporto e CIE-Carta di Identit\u00e0 Elettronica), ai sensi del D.L. 69\/2023. Nello specifico il novellato <a href=\"https:\/\/www.gazzettaufficiale.it\/eli\/id\/2023\/06\/13\/23G00080\/sg\" target=\"_blank\" rel=\"noopener\"><strong>articolo 3-bis della L. 1185\/1967 <\/strong><\/a>indica che, quando vi \u00e8 concreto e attuale pericolo che a causa del trasferimento all\u2019estero questo possa sottrarsi all\u2019adempimento dei suoi obblighi verso i figli, sar\u00e0 possibile per l\u2019altro genitore richiedere una inibitoria al rilascio del documento. L\u2019istanza potr\u00e0 essere presentata presso il giudice competente presso il Tribunale ordinario in cui il minore ha la residenza abituale ovvero, se il minore \u00e8 residente all\u2019estero, il Tribunale nel cui circondario si trova il suo Comune di iscrizione A.I.R.E. (Anagrafe degli Italiani Residenti all\u2019Estero). <span style=\"text-decoration: underline;\">Ai fini del rilascio dei documenti per i minori, invece, resta l\u2019obbligo dell\u2019assenso firmato da entrambi i genitori o da chi esercita la responsabilit\u00e0 genitoriale<\/span>.<\/p>\n<h3 style=\"text-align: justify;\"><strong>APPUNTAMENTI<\/strong><\/h3>\n<p style=\"text-align: justify;\">Si informa il pubblico che nel constante impegno di migliorare e razionalizzare i servizi consolari a beneficio dell\u2019utenza, a partire dal 5 giugno 2024, per accedere a tutti i servizi consolari di questa Ambasciata occorrer\u00e0 effettuare l\u2019apposita <strong>prenotazione<\/strong> attraverso il portale della Farnesina \u201c<strong>Prenot@mi<\/strong>\u201d raggiungibile al link <a href=\"https:\/\/prenotami.esteri.it\">https:\/\/prenotami.esteri.it<\/a>.<\/p>\n<p style=\"text-align: justify;\">Le richieste di urgenza sono valutate singolarmente dall&#8217;Ufficio Consolare, previa trasmissione di idonea documentazione attestante la necessit\u00e0 per improrogabili motivi di studio, lavoro o salute. In particolare, si precisa che il possesso di un titolo di viaggio non \u00e8 considerato un motivo di urgenza. Per maggiori informazioni si raccomanda di scrivere un\u2019e-mail a <a href=\"mailto:cancconsolare.lima@esteri.it\">cancconsolare.lima@esteri.it<\/a><\/p>\n<p style=\"text-align: justify;\"><strong>FURTO O SMARRIMENTO DEL PASSAPORTO ALL\u2019ESTERO<br \/>\n<\/strong><br \/>\nQualora il cittadino italiano si trovi in una situazione di emergenza (ad esempio un turista in transito che deve partire tempestivamente e ha perso o \u00e8 stato derubato del proprio passaporto),\u00a0la Rappresentanza consolare rilascia un documento di viaggio provvisorio,\u00a0chiamato anche E.T.D. (Emergency Travel Document), con validit\u00e0 per il solo viaggio di rientro in Italia (con la condizione che non si faccia transito negli USA), o nel Paese di stabile residenza all\u2019estero.<\/p>\n<p style=\"text-align: justify;\">Ulteriori informazioni sono disponibili nella sezione \u201cDocumento di viaggio provvisorio\u201d.<\/p>\n<p style=\"text-align: justify;\"><strong>C<\/strong><strong>OME EFFETTUARE LA DENUNCIA DIGITALE IN CASO DI FURTO E\/O SMARRIMENTO DI DOCUMENTI (per cittadini italo-peruviani)<\/strong><\/p>\n<ol style=\"text-align: justify;\">\n<li>Visitare il sito web della Policia Nacional del Per\u00fa (<a href=\"http:\/\/www.policia.gob.pe\">www.policia.gob.pe<\/a>), andare nella sezione \u201cservicios en l\u00ednea\u201d dal tuo pc, tablet o celullare;<\/li>\n<li>cliccare l\u2019opzione \u201cDenuncia Policial Digital\u201d \u2013 Nuevo Tr\u00e1mite, leggere attentamente i termini legali e condizioni d\u2019uso;<\/li>\n<li>inserire i dati personali richiesti. Il sistema convalider\u00e0 l\u2019informazione con la banca dati del Registro Nacional de Identificaci\u00f3n y Estado Civil (Reniec);<\/li>\n<li>descrivere brevemente come e dove \u00e8 avvenuto lo smarrimento o furto dei documenti. E\u2019 importante che la descrizione dello smarrimento e\/o furto sia indicata nella denuncia;<\/li>\n<li>infine, verr\u00e0 emessa una copia autenticata del rapporto della polizia in formato PDF.<\/li>\n<\/ol>\n<p style=\"text-align: justify;\"><strong>Per i cittadini italiani, di visita in Per\u00fa, \u00e8 necessario rivolgersi alla Stazione di polizia pi\u00f9 vicina per presentare la denuncia.<\/strong><\/p>\n<p style=\"text-align: justify;\"><strong>TASSA ANNUALE<br \/>\n<\/strong><br \/>\nSi informa\u00a0che a decorrere dall&#8217;8 luglio 2014, a seguito dell\u2019entrata in vigore della Legge n.89\/2014, non sar\u00e0 pi\u00f9 dovuto il pagamento della tassa annuale passaporto.<\/p>\n","protected":false},"excerpt":{"rendered":"Passaporti Il passaporto \u00e8 un documento sia di viaggio che di riconoscimento rilasciato: in Italia dalle Questure; all&#8217;estero dalle Rappresentanze diplomatico-consolari. \u00c8 valido per tutti i Paesi i cui Governi sono riconosciuti dal Governo italiano. RILASCIO DEL PASSAPORTO ORDINARIO Per passaporto ordinario si intende il passaporto elettronico che \u2014a partire dal 26 ottobre 2006\u2014 ha [&hellip;]","protected":false},"author":1,"featured_media":0,"parent":47,"menu_order":0,"comment_status":"closed","ping_status":"closed","template":"","meta":{"footnotes":""},"class_list":["post-49","page","type-page","status-publish","hentry"],"_links":{"self":[{"href":"https:\/\/amblima.esteri.it\/it\/wp-json\/wp\/v2\/pages\/49","targetHints":{"allow":["GET"]}}],"collection":[{"href":"https:\/\/amblima.esteri.it\/it\/wp-json\/wp\/v2\/pages"}],"about":[{"href":"https:\/\/amblima.esteri.it\/it\/wp-json\/wp\/v2\/types\/page"}],"author":[{"embeddable":true,"href":"https:\/\/amblima.esteri.it\/it\/wp-json\/wp\/v2\/users\/1"}],"replies":[{"embeddable":true,"href":"https:\/\/amblima.esteri.it\/it\/wp-json\/wp\/v2\/comments?post=49"}],"version-history":[{"count":7,"href":"https:\/\/amblima.esteri.it\/it\/wp-json\/wp\/v2\/pages\/49\/revisions"}],"predecessor-version":[{"id":7716,"href":"https:\/\/amblima.esteri.it\/it\/wp-json\/wp\/v2\/pages\/49\/revisions\/7716"}],"up":[{"embeddable":true,"href":"https:\/\/amblima.esteri.it\/it\/wp-json\/wp\/v2\/pages\/47"}],"wp:attachment":[{"href":"https:\/\/amblima.esteri.it\/it\/wp-json\/wp\/v2\/media?parent=49"}],"curies":[{"name":"wp","href":"https:\/\/api.w.org\/{rel}","templated":true}]}}