{"id":6254,"date":"2025-07-07T16:48:30","date_gmt":"2025-07-07T21:48:30","guid":{"rendered":"https:\/\/amblima.esteri.it\/?page_id=6254"},"modified":"2026-04-08T14:55:21","modified_gmt":"2026-04-08T19:55:21","slug":"acquisto-della-cittadinanza-per-beneficio-di-legge-figli-minori-nati-allestero","status":"publish","type":"page","link":"https:\/\/amblima.esteri.it\/it\/servizi-consolari-e-visti\/servizi-per-il-cittadino-straniero\/cittadinanza\/acquisto-della-cittadinanza-per-beneficio-di-legge-figli-minori-nati-allestero\/","title":{"rendered":"Acquisto della Cittadinanza per \u201cbeneficio di legge\u201d (figli minori nati all\u2019estero)"},"content":{"rendered":"<p style=\"text-align: justify;\">La riforma della legge sulla cittadinanza ha modificato i requisiti per la trasmissione in favore dei figli minorenni di coloro che, sebbene cittadini italiani, siano nati all\u2019estero. Attraverso una dichiarazione di volont\u00e0 corredata della necessaria documentazione, il\/i genitore\/i italiano\/i per nascita potr\u00e0 quindi trasmettere la cittadinanza a titolo di \u201cbeneficio di legge\u201d, che implica la valenza a partire dal giorno successivo alla presentazione della dichiarazione sottoscritta da entrambi i genitori, e non pi\u00f9 \u201cper nascita\u201d.<\/p>\n<p style=\"text-align: justify;\"><strong>Premessa<\/strong><\/p>\n<p style=\"text-align: justify;\">I figli minori di cittadini italiani per nascita, nati all\u2019estero, non sono \u2013 in base alle modifiche normative \u2013 automaticamente cittadini italiani. La cittadinanza potr\u00e0 essere acquisita mediante una dichiarazione da parte dei genitori o del tutore legale, secondo i requisiti previsti dalla legge. Il tal senso, si fa distinzione, in questo momento, fra:<\/p>\n<ul style=\"text-align: justify;\">\n<li>i figli minori di cittadini italiani per nascita nati dopo il 24 maggio 2025. In questo caso i genitori devono presentare la loro dichiarazione di volont\u00e0 \u2013 corredata dalla documentazione completa e corretta \u2013 entro un anno dalla nascita (o dalla data in cui \u00e8 stabilita la filiazione in caso di adozioni) seguendo la procedura sotto illustrata. (<strong><u>CASO 1<\/u><\/strong>)<\/li>\n<li>i figli minori di cittadini italiani per nascita, minorenni alla data di entrata in vigore della legge (24 maggio 2025). In questo caso i genitori potranno presentare la loro dichiarazione di volont\u00e0 \u2013 corredata dalla documentazione completa e corretta \u2013 entro le 23:59, ora di Roma, del 31 maggio 2029 seguendo la procedura sotto illustrata. (<strong><u>CASO 2<\/u><\/strong>)<\/li>\n<\/ul>\n<p>&nbsp;<\/p>\n<h3 style=\"text-align: justify;\"><strong><u>CASO 1<\/u><\/strong><strong> (art.4, comma 1-bis, lett. b) della Legge 91\/1992) \u2013 figli nati dopo il 24 maggio 2025.<\/strong><\/h3>\n<p style=\"text-align: justify;\">In tal caso, <strong>il minore deve possedere entrambi i seguenti requisiti<\/strong>:<\/p>\n<ul style=\"text-align: justify;\">\n<li><strong>uno dei genitori \u00e8 cittadino per nascita<\/strong>. Si escludono quindi i casi di cittadini per naturalizzazione ai sensi dell\u2019articolo 9 della legge n. 91\/1992 o \u201cper beneficio di legge\u201d ai sensi dell\u2019articolo 4 della legge n. 91\/1992 ovvero per matrimonio ai sensi dell\u2019articolo 5 della legge n. 91\/1992 o dell\u2019articolo 10 della legge n. 555\/1912 oppure per riacquisto ai sensi degli articoli 13 o 17 della legge n. 91\/1992 ovvero iuris communicatione (art. 14 della legge n. 91\/1992).<\/li>\n<li><strong>entrambi i genitori<\/strong> (incluso il genitore straniero) o il tutore presentano una <strong>dichiarazione di volont\u00e0 di acquisto della cittadinanza entro un anno dalla nascita<\/strong> (o dalla data successiva in cui \u00e8 stabilita la filiazione da cittadino italiano o in cui \u00e8 decisa l\u2019adozione da parte di cittadino italiano durante la minore et\u00e0 del figlio). In caso di riconoscimento della filiazione in tempi successivi da parte di genitori entrambi cittadini italiani per nascita, il termine di un anno decorrer\u00e0 dal primo riconoscimento (perch\u00e9 gi\u00e0 il primo riconoscimento comporta la trasmissione della cittadinanza). Se invece avviene prima il riconoscimento da parte di genitore straniero (o cittadino italiano non per nascita ma ad altro titolo), il termine di un anno sar\u00e0 computato a partire dal riconoscimento da parte del secondo genitore cittadino per nascita.<\/li>\n<\/ul>\n<p style=\"text-align: justify;\"><strong><u>Procedimento<\/u><\/strong>:<\/p>\n<p style=\"text-align: justify;\">\u00c8 innanzitutto necessario prendere appuntamento tramite il portale Prenot@mi.<\/p>\n<p style=\"text-align: justify;\">Il giorno dell\u2019appuntamento (<u>comunque entro un anno dalla nascita del minore<\/u>) andr\u00e0 presentata la seguente documentazione:<\/p>\n<ul style=\"text-align: justify;\">\n<li>Prova della prenotazione sul Portale Prenot@mi (servizio &#8220;Stato Civile &#8211; Nascite&#8221;);<\/li>\n<li>Richiesta di trascrizione dell\u2019atto di nascita del minore (per scaricare il modulo <a href=\"https:\/\/amblima.esteri.it\/wp-content\/uploads\/2025\/07\/Richiesta-trascrizione-atto-di-nascita-figli-minori-.doc\"><u>clicca qui<\/u><\/a>);<\/li>\n<li>Due copie per ciascun genitore della \u201cdichiarazione di volont\u00e0 d\u2019acquisto della cittadinanza italiana\u201d presentata dai genitori o dal tutore di minore straniero, che dovranno essere pre-compilate (scaricare l\u2019esempio su come compilare il modello <a href=\"https:\/\/amblima.esteri.it\/wp-content\/uploads\/2026\/04\/FacSimile_DichiarazioneVolonta_CASO_1_MADRE_ITALIANA.pdf\"><u>qui<\/u><\/a>), ma firmate e datate il giorno dell\u2019appuntamento alla presenza del dipendente delegato all\u2019esercizio delle funzioni di stato civile (per scaricare il modulo <a href=\"https:\/\/amblima.esteri.it\/wp-content\/uploads\/2026\/03\/Dichiarazione-di-volonta-multilingue_entro-tre-anni-dalla-nascita_AGG2.docx\">clicca qui<\/a>);<\/li>\n<li>Atto di nascita del minore, munito di apostille e di traduzione ufficiale italiana (a sua volta debitamente apostillata). Non si accetta la trascrizione in Per\u00f9 di atti di nascita prodotti all\u2019estero.<\/li>\n<li>Scheda personale del figlio minore (per scaricare il modulo <a href=\"https:\/\/amblima.esteri.it\/wp-content\/uploads\/2023\/11\/scheda_personale_bilinge1.doc\"><u>clicca qui<\/u><\/a>);<\/li>\n<li>Copia del documento di identit\u00e0 in corso di validit\u00e0 del minore;<\/li>\n<li>Copia del passaporto italiano del genitore cittadino in corso di validit\u00e0;<\/li>\n<li>Copia del documento di identit\u00e0 in corso di validit\u00e0 del genitore peruviano;<\/li>\n<li>Prova di residenza nella circoscrizione consolare del richiedente (\u201ccertificado notarial de residencia\u201d) debitamente apostillato, con traduzione ufficiale in lingua italiana, a sua volta apostillata;<\/li>\n<\/ul>\n<p style=\"text-align: justify;\"><strong>Le dichiarazioni dovranno essere rese presenzialmente presso l\u2019Ufficio consolare davanti al dipendente delegato alle funzioni di Stato Civile.<\/strong><\/p>\n<p style=\"text-align: justify;\">Se i genitori non rendono la dichiarazione contestualmente, il requisito di legge si considera soddisfatto alla data in cui \u00e8 presentata la dichiarazione del secondo genitore. Se la filiazione (anche adottiva) \u00e8 stabilita nei confronti di una sola persona (o se l\u2019altro genitore \u00e8 deceduto), sar\u00e0 sufficiente la dichiarazione di un solo genitore.<\/p>\n<p style=\"text-align: justify;\">Nel caso di stabilimento della residenza legale del minore in Italia, la dichiarazione pu\u00f2 essere presentata anche successivamente al termine di un anno dalla nascita, ma la residenza deve perdurare per almeno due anni continuativi dopo la dichiarazione di volont\u00e0 di acquisto della cittadinanza presentata dai genitori.<\/p>\n<p style=\"text-align: justify;\">Alla cittadinanza italiana acquistata nei modi sopra indicati l\u2019interessato, una volta divenuto maggiorenne, pu\u00f2 fare rinuncia, con la sola condizione che non si produca una condizione di apolidia.<\/p>\n<p>&nbsp;<\/p>\n<h3 style=\"text-align: justify;\"><strong><u>CASO 2<\/u><\/strong><strong> (comma 1-ter dell\u2019articolo 1 del decreto-legge n. 36\/2025) \u2013 figli minorenni alla data del 23 maggio 2025<\/strong><\/h3>\n<p style=\"text-align: justify;\">Questo caso si applica quando sussistono <strong>tutte <\/strong>le condizioni seguenti:<\/p>\n<ul style=\"text-align: justify;\">\n<li>persone <strong><u>minorenni alla data di entrata in vigore della legge di conversione<\/u><\/strong>, cio\u00e8 persone che non avevano compiuto il 18\u00b0 anno di et\u00e0 al <strong>24 maggio 2025<\/strong>;<\/li>\n<li><strong>figli di cittadini <u>per nascita<\/u> che si trovano nelle condizioni previste dalle lettere a), a-bis) e b) dell\u2019articolo 3-bis della legge n. 91\/1992<\/strong>. In altri termini, i genitori devono essere riconosciuti cittadini sulla base di domanda amministrativa o giudiziale presentata entro le 23:59 (ora di Roma) del 27 marzo 2025 o sulla base di domanda presentata sulla base di appuntamento comunicato dall\u2019Ufficio consolare o dal Comune entro la medesima data;<\/li>\n<li>la dichiarazione dei genitori o del tutore deve essere presentata all\u2019Ufficio consolare <strong><u>entro il 31 maggio 2029<\/u><\/strong>. Se l\u2019interessato, minorenne alla data del 24 maggio 2025, diviene nel frattempo maggiorenne, la dichiarazione dovr\u00e0 essere presentata da lui personalmente entro il medesimo termine.<\/li>\n<\/ul>\n<p style=\"text-align: justify;\">In questo caso i minori dovranno essere registrati <strong><u>entro il 31 maggio 2029<\/u><\/strong>, secondo il medesimo procedimento (appuntamento sul Portale Prenot@mi) e presentando la stessa documentazione di cui al CASO 1, ossia:<\/p>\n<p style=\"text-align: justify;\">Il giorno dell\u2019appuntamento, e comunque <u>entro il 31 maggio 2029<\/u>, andr\u00e0 presentata la seguente documentazione:<\/p>\n<ul style=\"text-align: justify;\">\n<li>Prova della prenotazione sul Portale Prenot@mi (servizio &#8220;Stato Civile &#8211; Nascite&#8221;);<\/li>\n<li>Richiesta di trascrizione dell\u2019atto di nascita del minore (per scaricare il modulo <a href=\"https:\/\/amblima.esteri.it\/wp-content\/uploads\/2025\/07\/Richiesta-trascrizione-atto-di-nascita-figli-minori-.doc\"><u>clicca qui<\/u><\/a>);<\/li>\n<li>Due copie per ciascun genitore della \u201cdichiarazione di volont\u00e0 d\u2019acquisto della cittadinanza italiana\u201d presentata dai genitori o dal tutore di minore straniero, che dovranno essere pre-compilate (scaricare l\u2019esempio su come compilare il modello <a href=\"https:\/\/amblima.esteri.it\/wp-content\/uploads\/2026\/04\/FacSimile_DichiarazioneVolonta_CASO_2_PADRE_ITALIANO.pdf\"><u>qui<\/u><\/a>), ma firmate e datate il giorno dell\u2019appuntamento alla presenza del dipendente delegato all\u2019esercizio delle funzioni di stato civile (per scaricare il modulo <a href=\"https:\/\/amblima.esteri.it\/wp-content\/uploads\/2026\/03\/Dichiarazione-di-volonta-multilingue_da-presentare-entro-il-31-maggio-2029_AGG2.docx\">clicca qui<\/a>);<\/li>\n<li>Atto di nascita del minore, munito di apostille e di traduzione ufficiale italiana (a sua volta debitamente apostillata). Non si accetta la trascrizione in Per\u00f9 di atti di nascita prodotti all\u2019estero.<\/li>\n<li>Scheda personale del figlio minore (per scaricare il modulo <a href=\"https:\/\/amblima.esteri.it\/wp-content\/uploads\/2023\/11\/scheda_personale_bilinge1.doc\"><u>clicca qui<\/u><\/a>);<\/li>\n<li>Copia del documento di identit\u00e0 in corso di validit\u00e0 del minore;<\/li>\n<li>Copia del passaporto italiano del genitore cittadino in corso di validit\u00e0;<\/li>\n<li>Copia del documento di identit\u00e0 in corso di validit\u00e0 del genitore peruviano;<\/li>\n<li>Prova di residenza nella circoscrizione consolare del richiedente (\u201ccertificado notarial de residencia\u201d) debitamente apostillato, con traduzione ufficiale in lingua italiana, a sua volta apostillata;<\/li>\n<\/ul>\n<p style=\"text-align: justify;\"><strong>Le dichiarazioni dovranno essere rese presenzialmente presso l\u2019Ufficio consolare davanti al dipendente delegato alle funzioni di Stato Civile.<\/strong><\/p>\n<p style=\"text-align: justify;\">Se i genitori non rendono la dichiarazione contestualmente, il requisito di legge si considera soddisfatto alla data in cui \u00e8 presentata la dichiarazione del secondo genitore. Se la filiazione (anche adottiva) \u00e8 stabilita nei confronti di una sola persona (o se l\u2019altro genitore \u00e8 deceduto), sar\u00e0 sufficiente la dichiarazione di un solo genitore.<\/p>\n<p style=\"text-align: justify;\">Alla cittadinanza italiana acquistata nei modi sopra indicati l\u2019interessato, una volta divenuto maggiorenne, pu\u00f2 fare rinuncia, con la sola condizione che non si produca una condizione di apolidia.<\/p>\n","protected":false},"excerpt":{"rendered":"La riforma della legge sulla cittadinanza ha modificato i requisiti per la trasmissione in favore dei figli minorenni di coloro che, sebbene cittadini italiani, siano nati all\u2019estero. Attraverso una dichiarazione di volont\u00e0 corredata della necessaria documentazione, il\/i genitore\/i italiano\/i per nascita potr\u00e0 quindi trasmettere la cittadinanza a titolo di \u201cbeneficio di legge\u201d, che implica la [&hellip;]","protected":false},"author":6,"featured_media":0,"parent":90,"menu_order":1,"comment_status":"closed","ping_status":"closed","template":"","meta":{"footnotes":""},"class_list":["post-6254","page","type-page","status-publish","hentry"],"_links":{"self":[{"href":"https:\/\/amblima.esteri.it\/it\/wp-json\/wp\/v2\/pages\/6254","targetHints":{"allow":["GET"]}}],"collection":[{"href":"https:\/\/amblima.esteri.it\/it\/wp-json\/wp\/v2\/pages"}],"about":[{"href":"https:\/\/amblima.esteri.it\/it\/wp-json\/wp\/v2\/types\/page"}],"author":[{"embeddable":true,"href":"https:\/\/amblima.esteri.it\/it\/wp-json\/wp\/v2\/users\/6"}],"replies":[{"embeddable":true,"href":"https:\/\/amblima.esteri.it\/it\/wp-json\/wp\/v2\/comments?post=6254"}],"version-history":[{"count":6,"href":"https:\/\/amblima.esteri.it\/it\/wp-json\/wp\/v2\/pages\/6254\/revisions"}],"predecessor-version":[{"id":7750,"href":"https:\/\/amblima.esteri.it\/it\/wp-json\/wp\/v2\/pages\/6254\/revisions\/7750"}],"up":[{"embeddable":true,"href":"https:\/\/amblima.esteri.it\/it\/wp-json\/wp\/v2\/pages\/90"}],"wp:attachment":[{"href":"https:\/\/amblima.esteri.it\/it\/wp-json\/wp\/v2\/media?parent=6254"}],"curies":[{"name":"wp","href":"https:\/\/api.w.org\/{rel}","templated":true}]}}