{"id":6728,"date":"2025-10-20T16:20:57","date_gmt":"2025-10-20T21:20:57","guid":{"rendered":"https:\/\/amblima.esteri.it\/?page_id=6728"},"modified":"2026-04-08T14:56:19","modified_gmt":"2026-04-08T19:56:19","slug":"carta-didentita-elettronica-cie","status":"publish","type":"page","link":"https:\/\/amblima.esteri.it\/it\/servizi-consolari-e-visti\/servizi-per-il-cittadino-italiano\/carta-didentita-elettronica-cie\/","title":{"rendered":"Carta d\u2019identit\u00e0 elettronica \u2013 CIE"},"content":{"rendered":"<p style=\"text-align: justify;\">La nuova Carta di identit\u00e0 Elettronica \u00e8 un documento multifunzionale: attesta l\u2019identit\u00e0 del cittadino, \u00e8 un documento di viaggio, riporta il codice fiscale e si pu\u00f2 utilizzare per richiedere un\u2019identit\u00e0 sul sistema SPID (Sistema Pubblico di Identit\u00e0 Digitale) con cui accedere ai Servizi erogati dalle Pubbliche Amministrazioni Italiane.<\/p>\n<p style=\"text-align: justify;\">La carta d\u2019identit\u00e0 elettronica consente la libera circolazione negli Stati membri dell\u2019Unione europea, negli Stati dello Spazio Schengen (UE + Islanda, Norvegia, Svizzera, Liechtenstein) e in quelli in cui vigono particolari accordi internazionali.<\/p>\n<p style=\"text-align: justify;\">Al riguardo, per ulteriori e pi\u00f9 dettagliate informazioni, \u00e8 possibile consultare il sito\u00a0<a href=\"https:\/\/www.viaggiaresicuri.it\/approfondimenti-insights\/documentidiviaggio\">https:\/\/www.viaggiaresicuri.it\/approfondimenti-insights\/documentidiviaggio<\/a><\/p>\n<p style=\"text-align: justify;\">La nuova Carta di identit\u00e0 elettronica si pu\u00f2 richiedere, previo appuntamento, tramite la piattaforma\u00a0<a href=\"https:\/\/prenotami.esteri.it\/\">Prenot@mi<\/a>.<\/p>\n<p style=\"text-align: justify;\">La CIE potr\u00e0 essere rilasciata <span style=\"text-decoration: underline;\">esclusivamente<\/span> ai cittadini italiani regolarmente residenti nella circoscrizione consolare del Per\u00f9, che siano gi\u00e0 registrati nello schedario consolare e i cui dati anagrafici siano gi\u00e0 presenti nella banca dati A.I.R.E. (Anagrafe degli Italiani Residenti all\u2019Estero) del Ministero dell\u2019Interno (ANPR).<\/p>\n<p style=\"text-align: justify;\">La CIE\u00a0<strong>non\u00a0<\/strong>viene rilasciata a vista il giorno dell\u2019appuntamento ma viene prodotta dall\u2019Istituto Poligrafico e Zecca dello Stato di Roma e successivamente spedita dall\u2019Italia, a mezzo posta, presso l\u2019indirizzo di residenza dichiarato dal richiedente.<\/p>\n<p style=\"text-align: justify;\"><strong>REQUISITI OBBLIGATORI PER RICHIEDERE LA CARTA D\u2019IDENTIT\u00c0 ELETTRONICA<\/strong><\/p>\n<p style=\"text-align: justify;\">Ai fini dell\u2019emissione della CIE \u00e8 indispensabile che il richiedente:<\/p>\n<ul style=\"text-align: justify;\">\n<li>sia\u00a0<u>iscritto all\u2019AIRE<\/u>\u00a0e il suo nominativo sia inserito\u00a0<u>nell\u2019apposito applicativo da parte del comune italiano<\/u>\u00a0di riferimento;<\/li>\n<li>abbia l\u2019<u>atto di nascita trascritto in Italia<\/u>, in quanto gli estremi della trascrizione devono essere riportati sulla CIE;<\/li>\n<li>abbia il\u00a0<u>Codice Fiscale validato<\/u>\u00a0da parte dell\u2019Agenzia delle Entrate e dal comune italiano di riferimento. Per chi non \u00e8 in possesso del Codice fiscale sar\u00e0 cura di questa Cancelleria Consolare richiederlo d\u2019ufficio;<\/li>\n<li>abbia\u00a0<u>aggiornato la sua posizione negli schedari consolari relativa all\u2019indirizzo di residenza e allo stato civile<\/u>. In caso di variazioni, si dovranno seguire le indicazioni riportate nelle sezioni del sito relative all\u2019AIRE\u00a0e allo\u00a0Stato civile, prima di richiedere un appuntamento per la carta d\u2019identit\u00e0 elettronica.<\/li>\n<\/ul>\n<p style=\"text-align: justify;\"><strong>VALIDIT\u00c0 DELLA CARTA D\u2019IDENTIT\u00c0 ELETTRONICA<\/strong><\/p>\n<p style=\"text-align: justify;\">La validit\u00e0 della CIE varia a seconda all\u2019et\u00e0 del titolare:<\/p>\n<p style=\"text-align: justify;\">\u2013 3 anni per minori di et\u00e0 inferiore a 3 anni;<br \/>\n\u2013 5 anni per i minori di et\u00e0 compresa tra i 3 e i 18 anni;<br \/>\n\u2013 10 anni per i maggiorenni.<\/p>\n<p>&nbsp;<\/p>\n<p style=\"text-align: justify;\">All\u2019appuntamento il cittadino dovr\u00e0 presentarsi con i seguenti\u00a0<strong>documenti<\/strong>:<\/p>\n<ul style=\"text-align: justify;\">\n<li>1 fototessera,\u00a0<a href=\"https:\/\/www.esteri.it\/it\/servizi-consolari-e-visti\/italiani-all-estero\/documenti_di_viaggio\/linee-guida-foto-icao\/\">conforme alla normativa ICAO<\/a> (formato 35\u00d745 mm);<\/li>\n<li>Eventuale precedente carta di identit\u00e0 (anche se scaduta);<\/li>\n<li>Originale e copia di un documento di riconoscimento ai sensi del D.P.R. 445\/2000. Se non ne \u00e8 in possesso, il richiedente dovr\u00e0 presentarsi accompagnato da due testimoni;<\/li>\n<li>atto di assenso di entrambi genitori nel caso in cui il richiedente sia un minore di 18 anni<\/li>\n<\/ul>\n<p style=\"text-align: justify;\">Al momento dell\u2019appuntamento l\u2019operatore consolare acquisir\u00e0\u00a0<strong>la foto e, salvo che per i minori di 12 anni, le impronte digitali<\/strong>,\u00a0<strong>e la firma<\/strong>, che saranno registrate in sicurezza all\u2019interno del microchip presente nella propria CIE e non depositate in nessun altro luogo.<\/p>\n<p style=\"text-align: justify;\"><strong>La presenza del richiedente e\/o del titolare della carta richiesta \u00e8 obbligatoria, cos\u00ec come di entrambi i genitori se il richiedente \u00e8 un minore di 18 anni.<\/strong><\/p>\n<p style=\"text-align: justify;\"><strong>COSTO<\/strong><\/p>\n<p style=\"text-align: justify;\"><strong>Il costo del documento \u00e8 di S\/ 88 <\/strong><u>in contanti e nella valuta indicata<\/u>\u00a0<strong><u>(l\u2019importo viene aggiornato ogni tre mesi &#8211; <a href=\"https:\/\/amblima.esteri.it\/it\/servizi-consolari-e-visti\/servizi-per-il-cittadino-italiano\/albo-consolare-e-altri-servizi\/diritti-consolari\/\">vedi qui la tabella dei diritti consolari<\/a><\/u><\/strong>). Non si accettano altre modalit\u00e0 di pagamento n\u00e8 valute diverse da quella indicata.<\/p>\n<p style=\"text-align: justify;\"><span style=\"text-decoration: underline;\"><strong>NORME<\/strong><\/span><\/p>\n<p style=\"text-align: justify;\"><strong>\u2013\u00a0<\/strong><a href=\"https:\/\/amblima.esteri.it\/wp-content\/uploads\/2025\/10\/photograph_guidelines_it.pdf\">Standard ICAO per le foto da carta d\u2019identit\u00e0 elettronica<\/a><\/p>\n<p style=\"text-align: justify;\"><strong>\u2013\u00a0<\/strong><a href=\"https:\/\/www.esteri.it\/it\/servizi-consolari-e-visti\/italiani-all-estero\/documenti_di_viaggio\/carta_identita\/\">Disposizioni MAECI<\/a><\/p>\n","protected":false},"excerpt":{"rendered":"La nuova Carta di identit\u00e0 Elettronica \u00e8 un documento multifunzionale: attesta l\u2019identit\u00e0 del cittadino, \u00e8 un documento di viaggio, riporta il codice fiscale e si pu\u00f2 utilizzare per richiedere un\u2019identit\u00e0 sul sistema SPID (Sistema Pubblico di Identit\u00e0 Digitale) con cui accedere ai Servizi erogati dalle Pubbliche Amministrazioni Italiane. La carta d\u2019identit\u00e0 elettronica consente la libera [&hellip;]","protected":false},"author":6,"featured_media":0,"parent":47,"menu_order":1,"comment_status":"closed","ping_status":"closed","template":"","meta":{"footnotes":""},"class_list":["post-6728","page","type-page","status-publish","hentry"],"_links":{"self":[{"href":"https:\/\/amblima.esteri.it\/it\/wp-json\/wp\/v2\/pages\/6728","targetHints":{"allow":["GET"]}}],"collection":[{"href":"https:\/\/amblima.esteri.it\/it\/wp-json\/wp\/v2\/pages"}],"about":[{"href":"https:\/\/amblima.esteri.it\/it\/wp-json\/wp\/v2\/types\/page"}],"author":[{"embeddable":true,"href":"https:\/\/amblima.esteri.it\/it\/wp-json\/wp\/v2\/users\/6"}],"replies":[{"embeddable":true,"href":"https:\/\/amblima.esteri.it\/it\/wp-json\/wp\/v2\/comments?post=6728"}],"version-history":[{"count":3,"href":"https:\/\/amblima.esteri.it\/it\/wp-json\/wp\/v2\/pages\/6728\/revisions"}],"predecessor-version":[{"id":7753,"href":"https:\/\/amblima.esteri.it\/it\/wp-json\/wp\/v2\/pages\/6728\/revisions\/7753"}],"up":[{"embeddable":true,"href":"https:\/\/amblima.esteri.it\/it\/wp-json\/wp\/v2\/pages\/47"}],"wp:attachment":[{"href":"https:\/\/amblima.esteri.it\/it\/wp-json\/wp\/v2\/media?parent=6728"}],"curies":[{"name":"wp","href":"https:\/\/api.w.org\/{rel}","templated":true}]}}