{"id":6847,"date":"2025-10-23T16:57:54","date_gmt":"2025-10-23T21:57:54","guid":{"rendered":"https:\/\/amblima.esteri.it\/?page_id=6847"},"modified":"2025-10-23T17:00:34","modified_gmt":"2025-10-23T22:00:34","slug":"nascita","status":"publish","type":"page","link":"https:\/\/amblima.esteri.it\/it\/servizi-consolari-e-visti\/servizi-per-il-cittadino-italiano\/stato-civile\/nascita\/","title":{"rendered":"Nascita"},"content":{"rendered":"<p style=\"text-align: justify;\"><strong>TRASCRIZIONE ATTI DI NASCITA MINORI D\u2019ET\u00c0<\/strong><\/p>\n<p style=\"text-align: justify;\">La legge di conversione N. 74\/2025 di conversione del decreto-legge N. 36\/2025 ha riformato la <strong>legge 5 febbraio 1992, n. 91<\/strong>, il cui nuovo testo integrale \u00e8 disponibile al seguente <u><a href=\"https:\/\/www.normattiva.it\/uri-res\/N2Ls?urn:nir:stato:legge:1992-02-05;91!vig=\">link.<\/a><\/u><\/p>\n<p style=\"text-align: justify;\">Pertanto, in base alla nuova legge n. 91 del 1992 <strong><u>\u00e8 riconosciuto cittadino italiano iure sanguinis (dalla nascita)<\/u><\/strong>:<\/p>\n<ul style=\"text-align: justify;\">\n<li>il minore <strong>nato in Italia<\/strong> in qualsiasi data da genitore italiano;<\/li>\n<li>il minore che ha esclusivamente la cittadinanza italiana, <strong>ossia che non ha n\u00e9 pu\u00f2 avere nessun\u2019altra cittadinanza<\/strong>;<\/li>\n<li>il minore che rientra in <strong>uno dei casi<\/strong> elencati nelle <strong>lettere a), a-bis), b), c) e d) dell\u2019articolo 3-bis<\/strong><\/li>\n<\/ul>\n<ol style=\"text-align: justify;\">\n<li><strong>ISTANZE PERVENUTE ENTRO IL 27 MARZO 2025<\/strong><\/li>\n<\/ol>\n<p style=\"text-align: justify;\"><strong>Solo le domande di trascrizione di atti di nascita presentate prima del 27 marzo 2025 alle ore 23.59 ora italiana, corredate della necessaria documentazione, <u>seguono la normativa precedente<\/u>.<\/strong><\/p>\n<p style=\"text-align: justify;\">Per domande \u201cpresentate\u201d si intende:<\/p>\n<ul style=\"text-align: justify;\">\n<li>Le istanze di trascrizione di atti di nascita consegnate allo sportello di Stato Civile.<\/li>\n<\/ul>\n<p style=\"text-align: justify;\"><strong>In ogni altra circostanza, alle domande si applica la nuova normativa.<\/strong><\/p>\n<ol style=\"text-align: justify;\">\n<li><strong>ISTANZE PERVENUTE DAL 28 MARZO 2025<\/strong><\/li>\n<\/ol>\n<p style=\"text-align: justify;\">In base alle nuove disposizioni il minore <u>nato all\u2019estero<\/u> da genitore\/i italiano\/i \u00e8 cittadino italiano se:<\/p>\n<ol style=\"text-align: justify;\">\n<li><strong>un genitore ha esclusivamente la cittadinanza italiana<\/strong>;<\/li>\n<li><strong>un nonno\/nonna ha al momento della nascita del minore<\/strong> \u2013 o aveva al momento della sua morte \u2013 <strong>esclusivamente la cittadinanza italiana;<\/strong><\/li>\n<li><strong>il minore non possiede e non pu\u00f2 possedere un\u2019altra cittadinanza<\/strong> (inclusi i casi di cittadinanza straniera trasmessa automaticamente o per nascita nel territorio straniero). <strong><em><u>IMPORTANTE<\/u><\/em><\/strong>: anche se i genitori decidono <strong>di non registrare il figlio per l\u2019altra cittadinanza<\/strong>, il minore <strong>viene comunque considerato cittadino straniero<\/strong> se ha diritto a ottenerla automaticamente \u2192 <strong>in questo caso, la cittadinanza italiana non si trasmette<\/strong>.<\/li>\n<li><strong>il genitore italiano \u00e8 stato residente in Italia per almeno 2 anni continuativi dopo aver ottenuto la cittadinanza italiana e prima della data di nascita del figlio\/a. <\/strong><u>Nota bene<\/u>: non ha rilevanza la residenza in Italia prima dell\u2019acquisto della cittadinanza italiana, n\u00e9 la residenza in Italia del genitore straniero.<\/li>\n<\/ol>\n<p style=\"text-align: justify;\">Qualora non si rientri in una delle categorie sopra esposte, si raccomanda di leggere le informazioni alla pagina \u201c<a href=\"https:\/\/amblima.esteri.it\/it\/servizi-consolari-e-visti\/servizi-per-il-cittadino-straniero\/cittadinanza\/acquisto-della-cittadinanza-per-beneficio-di-legge-figli-minori-nati-allestero\/\"><strong>Acquisto della Cittadinanza per \u201cbeneficio di legge\u201d (figli minori nati all\u2019estero)<\/strong><\/a>\u201d.<\/p>\n<p style=\"text-align: justify;\"><strong>REQUISITI NEL CASO DI REGISTRO DI FIGLI DI CITTADINO\/I ESCLUSIVAMENTE ITALIANO\/I AL MOMENTO DELLA NASCITA.<\/strong><\/p>\n<p style=\"text-align: justify;\"><strong>La modifica normativa<\/strong>, introdotta dalla legge 74\/2025, che ha convertito con modifiche il decreto-legge n. 35\/2025, <strong>determina che i figli di genitori <u>esclusivamente italiani<\/u><\/strong> (al momento della loro nascita), <strong>sono italiani dalla nascita\/<em>jure sanguinis<\/em><\/strong>.<\/p>\n<p style=\"text-align: justify;\">In questi casi, per <strong>registrare la nascita del figlio<\/strong> nei <strong>Registri di Stato Civile italiani, il genitore cittadino italiano <u>residente in questa circoscrizione consolare<\/u> e <u>regolarmente iscritto all\u2019AIRE<\/u> dovr\u00e0 <\/strong>prendere appuntamento tramite il Portale Prenot@mi, servizio Stato Civile \u2013 Nascite.<\/p>\n<p style=\"text-align: justify;\">Il giorno dell\u2019appuntamento dovr\u00e0 presentare i seguenti documenti:<\/p>\n<ul style=\"text-align: justify;\">\n<li>Prova della prenotazione sul Portale Prenot@mi;<\/li>\n<li>Richiesta di trascrizione dell\u2019atto di nascita del minore (per scaricare il modulo <a href=\"https:\/\/amblima.esteri.it\/wp-content\/uploads\/2025\/07\/Richiesta-trascrizione-atto-di-nascita-figli-minori-.doc\">clicca qui<\/a>);<\/li>\n<li>Scheda anagrafica personale del minore (per scaricare il modulo <a href=\"https:\/\/amblima.esteri.it\/wp-content\/uploads\/2023\/11\/scheda_personale_bilinge1.doc\">clicca qui<\/a>);<\/li>\n<li>Atto di nascita del minore, munito di Apostille e di traduzione ufficiale italiana (a sua volta debitamente apostillata). Se il minore \u00e8 nato in un altro paese, l\u2019atto di nascita deve essere quello prodotto nel paese di nascita, non la trascrizione effettuata alla RENIEC;<\/li>\n<li>Copia del documento di identit\u00e0 del minore in corso di validit\u00e0;<\/li>\n<li>Copia del passaporto italiano in corso di validit\u00e0 del genitore;<\/li>\n<li>Copia del carne de extranjer\u00eda del genitore che trasmette la cittadinanza;<\/li>\n<li>Copia del DNI del genitore peruviano;<\/li>\n<li>Certificato di \u201cno naturalizaci\u00f3n\u201d, rilasciato da Migraciones Per\u00fa, munito di Apostille e di traduzione ufficiale all\u2019italiano, a sua volta debitamente apostillata. Se ha risieduto per pi\u00f9 di 3 anni in altri paesi al di fuori del Per\u00f9, dovr\u00e0 presentare il certificato di \u201cno naturalizaci\u00f3n\u201d di ciascuno dei paesi, apostillati, tradotti all\u2019italiano (con traduzione a sua volta apostillata);<\/li>\n<li>\u201cCertificado notarial de residencia\u201d, rilasciato da notaio peruviano, apostillato, tradotto all\u2019italiano da traduttore ufficiale, traduzione a sua volta apostillata.<\/li>\n<\/ul>\n<p style=\"text-align: justify;\"><strong>REGISTRO DI FIGLI CHE HANNO UN ASCENDENTE DI SECONDO GRADO ESCLUSIVAMENTE ITALIANO AL MOMENTO DELLA NASCITA<\/strong><\/p>\n<p style=\"text-align: justify;\"><strong>La modifica normativa<\/strong>, introdotta dalla Legge 74\/2025, che ha convertito con modificazioni il Decreto-Legge n. 35\/2025, stabilisce che i minori che abbiano un <strong>ascendente di secondo grado <u>esclusivamente italiano<\/u><\/strong> (al momento della nascita) <strong>sono considerati italiani fin dalla nascita\/<em>jure sanguinis<\/em><\/strong>. \u00c8, tuttavia, essenziale che il genitore del minore sia gi\u00e0 stato riconosciuto come cittadino italiano. In tali casi, per registrare la nascita del figlio presso lo Stato Civile italiano, il genitore italiano, <strong><u>residente in questa circoscrizione consolare<\/u><\/strong> e r<strong><u>egolarmente iscritto all\u2019AIRE<\/u><\/strong>, dovr\u00e0 prendere appuntamento tramite il Portale Prenot@mi, servizio Stato Civile \u2013 Nascite.<\/p>\n<p style=\"text-align: justify;\">Il giorno dell\u2019appuntamento dovr\u00e0 presentare i seguenti documenti:<\/p>\n<ul style=\"text-align: justify;\">\n<li>Prova della prenotazione sul Portale Prenot@mi;<\/li>\n<li>Richiesta di trascrizione dell\u2019atto di nascita del minore (per scaricare il modulo <a href=\"https:\/\/amblima.esteri.it\/wp-content\/uploads\/2025\/07\/Richiesta-trascrizione-atto-di-nascita-figli-minori-.doc\">clicca qui<\/a>);<\/li>\n<li>Scheda anagrafica personale del minore (per scaricare il modulo <a href=\"https:\/\/amblima.esteri.it\/wp-content\/uploads\/2023\/11\/scheda_personale_bilinge1.doc\">clicca qui<\/a>);<\/li>\n<li>Atto di nascita del minore, munito di Apostille e di traduzione ufficiale italiana (a sua volta debitamente apostillata). Se il minore \u00e8 nato in un altro paese, l\u2019atto di nascita deve essere quello prodotto nel paese di nascita, non la trascrizione effettuata alla RENIEC;<\/li>\n<li>Copia del documento di identit\u00e0 del minore in corso di validit\u00e0;<\/li>\n<li>Copia del passaporto italiano in corso di validit\u00e0 del genitore;<\/li>\n<li>Copia del DNI di entrambi i genitori;<\/li>\n<li>Elenco di tutte le residenze in cui ha vissuto il nonno\/nonna;<\/li>\n<li>Certificato di \u201cno naturalizaci\u00f3n\u201d di tutti i paesi in cui ha risieduto il nonno\/nonna per pi\u00f9 di 3 anni, munito di Apostille, tradotto all\u2019italiano e traduzione a sua volta apostillato;<\/li>\n<li>\u201cCertificado notarial de residencia\u201d, rilasciato da notaio peruviano, apostillato, tradotto all\u2019italiano da traduttore ufficiale, traduzione a sua volta apostillata.<\/li>\n<\/ul>\n<p style=\"text-align: justify;\"><strong>REGISTRAZIONE DI FIGLI DI CITTADINO ITALIANO IN POSSESSO DI ALTRA CITTADINANZA E CHE HA RISIEDUTO IN ITALIA PER DUE ANNI CONSECUTIVI<\/strong><\/p>\n<p style=\"text-align: justify;\"><strong>La modifica normativa<\/strong>, introdotta dalla Legge 74\/2025, che ha convertito con modificazioni il Decreto-Legge n. 35\/2025, stabilisce che il figlio di genitore\/i italiano\/i, <strong>che possieda\/no un\u2019altra cittadinanza e che abbia\/no risieduto in Italia per due anni consecutivi dopo l\u2019acquisizione della cittadinanza italiana e prima della nascita del figlio<\/strong>, \u00e8 <strong>considerato italiano fin dalla nascita\/<em>jure sanguinis<\/em><\/strong>. In tali casi, per registrare la nascita del figlio presso i Registri dello Stato Civile italiano, il genitore cittadino italiano, r<strong><u>esidente in questa circoscrizione consolare<\/u><\/strong> e <strong><u>regolarmente iscritto all\u2019AIRE<\/u><\/strong>, dovr\u00e0 prendere appuntamento tramite il Portale Prenot@mi, servizio Stato Civile \u2013 Nascite.<\/p>\n<p style=\"text-align: justify;\">Il giorno dell\u2019appuntamento dovr\u00e0 presentare i seguenti documenti:<\/p>\n<ul>\n<li style=\"text-align: justify;\">Prova della prenotazione sul Portale Prenot@mi;<\/li>\n<li style=\"text-align: justify;\">Richiesta di trascrizione dell\u2019atto di nascita del minore (per scaricare il modulo <a href=\"https:\/\/amblima.esteri.it\/wp-content\/uploads\/2025\/07\/Richiesta-trascrizione-atto-di-nascita-figli-minori-.doc\">clicca qui<\/a>);<\/li>\n<li style=\"text-align: justify;\">Scheda anagrafica personale del minore (per scaricare il modulo <a href=\"https:\/\/amblima.esteri.it\/wp-content\/uploads\/2023\/11\/scheda_personale_bilinge1.doc\">clicca qui<\/a>);<\/li>\n<li style=\"text-align: justify;\">Atto di nascita del minore, munito di Apostille e di traduzione ufficiale italiana (a sua volta debitamente apostillata). Se il minore \u00e8 nato in un altro paese, l\u2019atto di nascita deve essere quello prodotto nel paese di nascita, non la trascrizione effettuata alla RENIEC;<\/li>\n<li style=\"text-align: justify;\">Copia del documento di identit\u00e0 del minore in corso di validit\u00e0;<\/li>\n<li style=\"text-align: justify;\">Copia del passaporto italiano in corso di validit\u00e0 del genitore;<\/li>\n<li style=\"text-align: justify;\">Copia del DNI di entrambi i genitori;<\/li>\n<li style=\"text-align: justify;\">Certificato storico di residenza del genitore che ha risieduto in Italia, rilasciato dal Comune di riferimento in originale, se in formato digitale deve essere munito di codice QR;<\/li>\n<li style=\"text-align: justify;\">\u201cCertificado notarial de residencia\u201d, rilasciato da notaio peruviano, apostillato, tradotto all\u2019italiano da traduttore ufficiale, traduzione a sua volta apostillata.<\/li>\n<\/ul>\n","protected":false},"excerpt":{"rendered":"TRASCRIZIONE ATTI DI NASCITA MINORI D\u2019ET\u00c0 La legge di conversione N. 74\/2025 di conversione del decreto-legge N. 36\/2025 ha riformato la legge 5 febbraio 1992, n. 91, il cui nuovo testo integrale \u00e8 disponibile al seguente link. Pertanto, in base alla nuova legge n. 91 del 1992 \u00e8 riconosciuto cittadino italiano iure sanguinis (dalla nascita): [&hellip;]","protected":false},"author":6,"featured_media":0,"parent":68,"menu_order":0,"comment_status":"closed","ping_status":"closed","template":"","meta":{"footnotes":""},"class_list":["post-6847","page","type-page","status-publish","hentry"],"_links":{"self":[{"href":"https:\/\/amblima.esteri.it\/it\/wp-json\/wp\/v2\/pages\/6847","targetHints":{"allow":["GET"]}}],"collection":[{"href":"https:\/\/amblima.esteri.it\/it\/wp-json\/wp\/v2\/pages"}],"about":[{"href":"https:\/\/amblima.esteri.it\/it\/wp-json\/wp\/v2\/types\/page"}],"author":[{"embeddable":true,"href":"https:\/\/amblima.esteri.it\/it\/wp-json\/wp\/v2\/users\/6"}],"replies":[{"embeddable":true,"href":"https:\/\/amblima.esteri.it\/it\/wp-json\/wp\/v2\/comments?post=6847"}],"version-history":[{"count":1,"href":"https:\/\/amblima.esteri.it\/it\/wp-json\/wp\/v2\/pages\/6847\/revisions"}],"predecessor-version":[{"id":6849,"href":"https:\/\/amblima.esteri.it\/it\/wp-json\/wp\/v2\/pages\/6847\/revisions\/6849"}],"up":[{"embeddable":true,"href":"https:\/\/amblima.esteri.it\/it\/wp-json\/wp\/v2\/pages\/68"}],"wp:attachment":[{"href":"https:\/\/amblima.esteri.it\/it\/wp-json\/wp\/v2\/media?parent=6847"}],"curies":[{"name":"wp","href":"https:\/\/api.w.org\/{rel}","templated":true}]}}