{"id":73,"date":"2023-04-11T18:19:45","date_gmt":"2023-04-11T16:19:45","guid":{"rendered":"https:\/\/ambasciatapraga.esteri.it\/?page_id=73"},"modified":"2025-05-02T22:20:58","modified_gmt":"2025-05-03T03:20:58","slug":"traduzione-e-legalizzazione-dei-documenti","status":"publish","type":"page","link":"https:\/\/amblima.esteri.it\/it\/servizi-consolari-e-visti\/servizi-per-il-cittadino-italiano\/traduzione-e-legalizzazione-dei-documenti\/","title":{"rendered":"Traduzione e legalizzazione dei documenti"},"content":{"rendered":"<h1 style=\"text-align: justify;\"><strong>Come legalizzare documenti peruviani affinch\u00e8 siano validi in Italia<\/strong><\/h1>\n<p style=\"text-align: justify;\">Vista la Convenzione dell&#8217;Aja, in vigore in Per\u00f9 dal 30 settembre del 2010, la legalizzazione di documenti, cos\u00ec come la legalizzazione della firma del traduttore ufficiale, dovr\u00e0 essere richiesta al Ministero degli Affari Esteri del Per\u00f9 che proceder\u00e0 ad apporre &#8220;l&#8217;apostille&#8221;.<\/p>\n<p style=\"text-align: justify;\">Questo \u00e8 destinato anche per la trascrizione atti.<\/p>\n<p style=\"text-align: justify;\">Tutti i documenti inerenti a motivi di studio dovranno essere tradotti e legalizzati dall&#8217;Istituto Italiano di Cultura &#8211; Av. Arequipa n. 1075 &#8211; Lima 1.<\/p>\n<p style=\"text-align: justify;\">Indirizzi Utili:<\/p>\n<p style=\"text-align: justify;\"><strong>MINISTERIO DE RELACIONES EXTERIORES DEL PER\u00d9<\/strong><br \/>\nJr. Lampa n. 535, Lima 1<br \/>\nOrario: 09,00 a 14,00<\/p>\n<p style=\"text-align: justify;\"><strong>RENIEC<br \/>\n<\/strong>Jr. Cusco n. 653, Lima 1 \u2013 Tel. 426.5700<br \/>\nOrario: 07,45 a 14,30<\/p>\n<p style=\"text-align: justify;\">\n<h1 style=\"text-align: justify;\">Traduttori<\/h1>\n<div>\n<p class=\"boxLevel03\" style=\"text-align: justify;\">Per i documenti rilasciati in Per\u00fa si informa che questa Ambasciata accetta, a partire dal 2 gennaio 2020, traduzioni effettuate da:<\/p>\n<ul>\n<li class=\"boxLevel03\" style=\"text-align: justify;\">traduttori giurati iscritti nei registri del Ministero degli Esteri della Repubblica del Per\u00fa la cui firma sia debitamente apostillata dallo stesso Ministero degli Esteri della Repubblica del Per\u00fa (consultare registro pubblicato all&#8217;indirizzo <a href=\"http:\/\/www.consulado.pe\/Documents\/Traductores\/Listado_Italiano.pdf\">http:\/\/www.consulado.pe\/Documents\/Traductores\/Listado_Italiano.pdf<\/a> ).\u00a0Al riguardo, si avvisa l\u2019utenza che, a partire da luglio 2023 e fino a nuovo avviso, le traduzioni del sig. Lorenzo Valle Brignole non saranno in ogni caso accettate per superiori interessi di tutela dell\u2019Amministrazione;<\/li>\n<li style=\"text-align: justify;\">traduttori iscritti all\u2019Albo del Collegio dei Traduttori del Per\u00fa con abilitazione alla lingua italiana. La firma del traduttore dovr\u00e0 essere debitamente legalizzata dal Presidente del Collegio. La firma del Presidente del Collegio dovr\u00e0 essere a sua volta apostillata dal Ministero degli Esteri Peruviano. Per conoscere la lista dei traduttori abilitati alla lingua italiana, consultare la pagina: <a href=\"https:\/\/www.colegiodetraductores.org.pe\/?post_type=noo_job&amp;s=&amp;type=espanol&amp;category%5B%5D=italiano\">https:\/\/www.colegiodetraductores.org.pe\/?post_type=noo_job&amp;s=&amp;type=espanol&amp;category%5B%5D=italiano<\/a><\/li>\n<\/ul>\n<h2><\/h2>\n<h2 class=\"boxLevel03\" style=\"text-align: justify;\"><strong>Per i soli documenti inerenti a motivi di studio:<\/strong><\/h2>\n<p style=\"text-align: justify;\"><strong>ISTITUTO ITALIANO DI CULTURA<\/strong><\/p>\n<p class=\"boxLevel03\" style=\"text-align: justify;\">Av. Arequipa 1075 &#8211; Santa Beatr\u00ecz\u00a0Lima 1<\/p>\n<p class=\"boxLevel03\" style=\"text-align: justify;\">Attenzione telefonica: 265.1248 \/ 471.1021 int. 1<\/p>\n<p style=\"text-align: justify;\">(da luned\u00ec a venerd\u00ec dalle 9:00 alle 14:00)<\/p>\n<p style=\"text-align: justify;\">Orario di apertura al pubblico da luned\u00ec a gioved\u00ec dalle 15:00 alle 17:00<\/p>\n<p style=\"text-align: justify;\">Posta elettronica: <a href=\"mailto:traduzioni.iiclima@esteri.it\">traduzioni.iiclima@esteri.it<\/a><\/p>\n<\/div>\n","protected":false},"excerpt":{"rendered":"Come legalizzare documenti peruviani affinch\u00e8 siano validi in Italia Vista la Convenzione dell&#8217;Aja, in vigore in Per\u00f9 dal 30 settembre del 2010, la legalizzazione di documenti, cos\u00ec come la legalizzazione della firma del traduttore ufficiale, dovr\u00e0 essere richiesta al Ministero degli Affari Esteri del Per\u00f9 che proceder\u00e0 ad apporre &#8220;l&#8217;apostille&#8221;. Questo \u00e8 destinato anche per [&hellip;]","protected":false},"author":1,"featured_media":0,"parent":47,"menu_order":14,"comment_status":"closed","ping_status":"closed","template":"","meta":{"footnotes":""},"class_list":["post-73","page","type-page","status-publish","hentry"],"_links":{"self":[{"href":"https:\/\/amblima.esteri.it\/it\/wp-json\/wp\/v2\/pages\/73","targetHints":{"allow":["GET"]}}],"collection":[{"href":"https:\/\/amblima.esteri.it\/it\/wp-json\/wp\/v2\/pages"}],"about":[{"href":"https:\/\/amblima.esteri.it\/it\/wp-json\/wp\/v2\/types\/page"}],"author":[{"embeddable":true,"href":"https:\/\/amblima.esteri.it\/it\/wp-json\/wp\/v2\/users\/1"}],"replies":[{"embeddable":true,"href":"https:\/\/amblima.esteri.it\/it\/wp-json\/wp\/v2\/comments?post=73"}],"version-history":[{"count":3,"href":"https:\/\/amblima.esteri.it\/it\/wp-json\/wp\/v2\/pages\/73\/revisions"}],"predecessor-version":[{"id":5878,"href":"https:\/\/amblima.esteri.it\/it\/wp-json\/wp\/v2\/pages\/73\/revisions\/5878"}],"up":[{"embeddable":true,"href":"https:\/\/amblima.esteri.it\/it\/wp-json\/wp\/v2\/pages\/47"}],"wp:attachment":[{"href":"https:\/\/amblima.esteri.it\/it\/wp-json\/wp\/v2\/media?parent=73"}],"curies":[{"name":"wp","href":"https:\/\/api.w.org\/{rel}","templated":true}]}}