{"id":7300,"date":"2026-01-28T14:19:34","date_gmt":"2026-01-28T19:19:34","guid":{"rendered":"https:\/\/amblima.esteri.it\/?page_id=7300"},"modified":"2026-03-12T16:41:59","modified_gmt":"2026-03-12T21:41:59","slug":"universita-e-borse-di-studio","status":"publish","type":"page","link":"https:\/\/amblima.esteri.it\/it\/italia-e-peru\/diplomazia-culturale\/studiare-in-italia\/universita-e-borse-di-studio\/","title":{"rendered":"Universit\u00e0 e Borse di Studio"},"content":{"rendered":"<p><strong>ANNO 2026<\/strong><\/p>\n<ul>\n<li><a href=\"http:\/\/amblima.esteri.it\/it\/italia-e-peru\/diplomazia-culturale\/studiare-in-italia\/universita-e-borse-di-studio\/universita-di-bergamo\/\">Universit\u00e0 di Bergamo<\/a><\/li>\n<li><a href=\"https:\/\/amblima.esteri.it\/it\/italia-e-peru\/diplomazia-culturale\/studiare-in-italia\/universita-e-borse-di-studio\/universita-di-trento\/\"><span style=\"text-decoration: underline;\">Universit\u00e0 di Trento<\/span><\/a><\/li>\n<li><a href=\"https:\/\/amblima.esteri.it\/it\/italia-e-peru\/diplomazia-culturale\/studiare-in-italia\/universita-e-borse-di-studio\/universita-di-venezia\/\">Universit\u00e0 di Venezia<\/a><\/li>\n<li><a href=\"https:\/\/amblima.esteri.it\/it\/italia-e-peru\/diplomazia-culturale\/studiare-in-italia\/universita-e-borse-di-studio\/universita-di-verona\/\">Universit\u00e0 di Verona<\/a><\/li>\n<\/ul>\n<p style=\"text-align: justify;\">Per altre eventuali opportunit\u00e0 di studio, \u00e8 possibile visitare il sito web del Ministero degli Affari Esteri e della Cooperazione Internazionale, in cui si possono trovare tutte le offerte di borse di studio messe a disposizione dalle varie Universit\u00e0 italiane (<a href=\"https:\/\/www.esteri.it\/it\/servizi-opportunita\/opportunita\/borse-di-studio\/per-cittadini-stranieri\/borse-di-studio-offerte-dalle-universita\/\">vedi qui<\/a>), nonch\u00e9 consultare il sito web dell&#8217;Istituto Italiano di Cultura di Lima, <a href=\"https:\/\/iiclima.esteri.it\/it\/lingua-e-cultura\/studiare-in-italia\/legalizzazione-dei-titoli-di-studio\/\">qui raggiungibile<\/a>.<\/p>\n","protected":false},"excerpt":{"rendered":"ANNO 2026 Universit\u00e0 di Bergamo Universit\u00e0 di Trento Universit\u00e0 di Venezia Universit\u00e0 di Verona Per altre eventuali opportunit\u00e0 di studio, \u00e8 possibile visitare il sito web del Ministero degli Affari Esteri e della Cooperazione Internazionale, in cui si possono trovare tutte le offerte di borse di studio messe a disposizione dalle varie Universit\u00e0 italiane (vedi [&hellip;]","protected":false},"author":6,"featured_media":0,"parent":99,"menu_order":0,"comment_status":"closed","ping_status":"closed","template":"","meta":{"footnotes":""},"class_list":["post-7300","page","type-page","status-publish","hentry"],"_links":{"self":[{"href":"https:\/\/amblima.esteri.it\/it\/wp-json\/wp\/v2\/pages\/7300","targetHints":{"allow":["GET"]}}],"collection":[{"href":"https:\/\/amblima.esteri.it\/it\/wp-json\/wp\/v2\/pages"}],"about":[{"href":"https:\/\/amblima.esteri.it\/it\/wp-json\/wp\/v2\/types\/page"}],"author":[{"embeddable":true,"href":"https:\/\/amblima.esteri.it\/it\/wp-json\/wp\/v2\/users\/6"}],"replies":[{"embeddable":true,"href":"https:\/\/amblima.esteri.it\/it\/wp-json\/wp\/v2\/comments?post=7300"}],"version-history":[{"count":6,"href":"https:\/\/amblima.esteri.it\/it\/wp-json\/wp\/v2\/pages\/7300\/revisions"}],"predecessor-version":[{"id":7591,"href":"https:\/\/amblima.esteri.it\/it\/wp-json\/wp\/v2\/pages\/7300\/revisions\/7591"}],"up":[{"embeddable":true,"href":"https:\/\/amblima.esteri.it\/it\/wp-json\/wp\/v2\/pages\/99"}],"wp:attachment":[{"href":"https:\/\/amblima.esteri.it\/it\/wp-json\/wp\/v2\/media?parent=7300"}],"curies":[{"name":"wp","href":"https:\/\/api.w.org\/{rel}","templated":true}]}}