{"id":7418,"date":"2026-02-16T16:12:33","date_gmt":"2026-02-16T21:12:33","guid":{"rendered":"https:\/\/amblima.esteri.it\/?page_id=7418"},"modified":"2026-02-16T16:12:33","modified_gmt":"2026-02-16T21:12:33","slug":"universita-di-bergamo","status":"publish","type":"page","link":"https:\/\/amblima.esteri.it\/it\/italia-e-peru\/diplomazia-culturale\/studiare-in-italia\/universita-e-borse-di-studio\/universita-di-bergamo\/","title":{"rendered":"Universit\u00e0 di Bergamo"},"content":{"rendered":"<div class=\"entry-content\">\n<p style=\"text-align: center;\"><strong>Universidad de B\u00e9rgamo y oportunidades de becas para estudiantes extranjeros -Convocatoria internacional 2026\/2027<\/strong><\/p>\n<p style=\"text-align: justify;\"><strong>La convocatoria internacional 2026\/27<\/strong> para cursar un m\u00e1ster de dos a\u00f1os en la Universidad de Bergamo (Italia) est\u00e1 <strong>abierta <span style=\"color: #ff0000;\">hasta el 31 de enero<\/span>:<\/strong>\u00a0<a href=\"https:\/\/en.unibg.it\/study\/enrollment\/foreign-students-join-us\/non-eu-students\/non-eu-students-pre-evaluation-online\">https:\/\/en.unibg.it\/study\/enrollment\/foreign-students-join-us\/non-eu-students\/non-eu-students-pre-evaluation-online<\/a><\/p>\n<p style=\"text-align: justify;\">Aqu\u00ed se encuentra el listado de nuestros m\u00e1steres:\u00a0<a href=\"https:\/\/en.unibg.it\/study\/degrees\/graduate\">https:\/\/en.unibg.it\/study\/degrees\/graduate<\/a><\/p>\n<p style=\"text-align: justify;\"><strong>Para optar a la beca de estudios:<\/strong><\/p>\n<p style=\"text-align: justify;\">\u2013 Para la beca completa de dos a\u00f1os, se necesita hacer el GRE test y tener menos de 30 a\u00f1os:\u00a0<a href=\"https:\/\/www.unibg.it\/bandi\/top-international-students-scholarship-ay-2025-2026-and-2026-2027-take-the-gre-test\">https:\/\/www.unibg.it\/bandi\/top-international-students-scholarship-ay-2025-2026-and-2026-2027-take-the-gre-test<\/a><\/p>\n<p style=\"text-align: justify;\">\u2013 Otras posibilidades de becas:<\/p>\n<ol style=\"text-align: justify;\">\n<li>Generales para todos los estudiantes:\u00a0<a href=\"https:\/\/www.unibg.it\/studiare\/iscriversi\/tasse-e-agevolazioni\/borse-studio\">https:\/\/www.unibg.it\/studiare\/iscriversi\/tasse-e-agevolazioni\/borse-studio<\/a><\/li>\n<li>Para estudiantes internacionales:\u00a0<a href=\"https:\/\/en.unibg.it\/study\/enrollment\/foreign-students-join-us\/fees-grants-and-scholarships\">https:\/\/en.unibg.it\/study\/enrollment\/foreign-students-join-us\/fees-grants-and-scholarships<\/a><\/li>\n<li>Para no pagar la matr\u00edcula:\u00a0<a href=\"https:\/\/www.unibg.it\/studiare\/iscriversi\/tasse-e-agevolazioni\/top-10-student-program\">https:\/\/www.unibg.it\/studiare\/iscriversi\/tasse-e-agevolazioni\/top-10-student-program<\/a><\/li>\n<\/ol>\n<p style=\"text-align: justify;\">Con referencia al <strong>m\u00e1ster en Intercultural Studies in Languages and Literatures<\/strong>, los requisitos previos son haber cursado en el grado por lo menos dos o tres cursos de dos literaturas europeas o americanas\u00a0 (pueden ser espa\u00f1ola e hispanoamericana o inglesa y angloamericana) y por lo menos dos lenguas (entre espa\u00f1ol, ingl\u00e9s, franc\u00e9s, alem\u00e1n, ruso o italiano), una sola si se elige estudiar ingl\u00e9s con las dos literaturas\u00a0inglesa y angloamericana. De hecho, el plan de estudios permite optar por dos literaturas en la misma lengua (espa\u00f1ola e hispanoamericana o inglesa y angloamericana), eligiendo para todos los dem\u00e1s ex\u00e1menes entre cursos en ingl\u00e9s o en italiano. Para m\u00e1s detalles, v\u00e9ase la gu\u00eda\u00a0 <em>How to Design Your Study Plan in ISLLI \u2013 A Practical Guide<\/em>, publicada en la p\u00e1gina web:\u00a0<a href=\"https:\/\/ls-islli.unibg.it\/it\/il-corso\/piano-di-studio\">https:\/\/ls-islli.unibg.it\/it\/il-corso\/piano-di-studio<\/a><\/p>\n<\/div>\n","protected":false},"excerpt":{"rendered":"Universidad de B\u00e9rgamo y oportunidades de becas para estudiantes extranjeros -Convocatoria internacional 2026\/2027 La convocatoria internacional 2026\/27 para cursar un m\u00e1ster de dos a\u00f1os en la Universidad de Bergamo (Italia) est\u00e1 abierta hasta el 31 de enero:\u00a0https:\/\/en.unibg.it\/study\/enrollment\/foreign-students-join-us\/non-eu-students\/non-eu-students-pre-evaluation-online Aqu\u00ed se encuentra el listado de nuestros m\u00e1steres:\u00a0https:\/\/en.unibg.it\/study\/degrees\/graduate Para optar a la beca de estudios: \u2013 Para la [&hellip;]","protected":false},"author":6,"featured_media":0,"parent":7300,"menu_order":0,"comment_status":"closed","ping_status":"closed","template":"","meta":{"footnotes":""},"class_list":["post-7418","page","type-page","status-publish","hentry"],"_links":{"self":[{"href":"https:\/\/amblima.esteri.it\/it\/wp-json\/wp\/v2\/pages\/7418","targetHints":{"allow":["GET"]}}],"collection":[{"href":"https:\/\/amblima.esteri.it\/it\/wp-json\/wp\/v2\/pages"}],"about":[{"href":"https:\/\/amblima.esteri.it\/it\/wp-json\/wp\/v2\/types\/page"}],"author":[{"embeddable":true,"href":"https:\/\/amblima.esteri.it\/it\/wp-json\/wp\/v2\/users\/6"}],"replies":[{"embeddable":true,"href":"https:\/\/amblima.esteri.it\/it\/wp-json\/wp\/v2\/comments?post=7418"}],"version-history":[{"count":1,"href":"https:\/\/amblima.esteri.it\/it\/wp-json\/wp\/v2\/pages\/7418\/revisions"}],"predecessor-version":[{"id":7420,"href":"https:\/\/amblima.esteri.it\/it\/wp-json\/wp\/v2\/pages\/7418\/revisions\/7420"}],"up":[{"embeddable":true,"href":"https:\/\/amblima.esteri.it\/it\/wp-json\/wp\/v2\/pages\/7300"}],"wp:attachment":[{"href":"https:\/\/amblima.esteri.it\/it\/wp-json\/wp\/v2\/media?parent=7418"}],"curies":[{"name":"wp","href":"https:\/\/api.w.org\/{rel}","templated":true}]}}