{"id":90,"date":"2023-04-11T18:22:23","date_gmt":"2023-04-11T16:22:23","guid":{"rendered":"https:\/\/ambasciatapraga.esteri.it\/?page_id=90"},"modified":"2025-08-11T16:09:00","modified_gmt":"2025-08-11T21:09:00","slug":"cittadinanza","status":"publish","type":"page","link":"https:\/\/amblima.esteri.it\/it\/servizi-consolari-e-visti\/servizi-per-il-cittadino-straniero\/cittadinanza\/","title":{"rendered":"Cittadinanza e Adozione"},"content":{"rendered":"<p style=\"text-align: justify;\">Il decreto-legge 28 marzo 2025, n. 36, \u00e8 stato convertito con modificazioni nella\u00a0<strong>legge<\/strong>\u00a0<strong>23 maggio 2025, n. 74<\/strong>, con vigenza dal 24 maggio 2025.<\/p>\n<p style=\"text-align: justify;\">La legge di conversione riforma la\u00a0<strong>legge 5 febbraio 1992, n. 91<\/strong>, il cui nuovo testo integrale \u00e8 disponibile al seguente\u00a0<a href=\"https:\/\/www.normattiva.it\/uri-res\/N2Ls?urn:nir:stato:legge:1992-02-05;91!vig=\">link<\/a><\/p>\n<p style=\"text-align: justify;\">Si attira, in particolare, l\u2019attenzione sul\u00a0<strong>nuovo art. 3-bis:<\/strong><\/p>\n<p style=\"text-align: justify;\"><em>In deroga agli articoli 1, 2, 3, 14 e 20 della presente legge, all\u2019articolo 5 della legge 21 aprile 1983, n. 123, agli articoli 1, 2, 7, 10, 12 e 19 della legge 13 giugno 1912, n. 555, nonch\u00e9 agli articoli 4, 5, 7, 8 e 9 del codice civile approvato con regio decreto 25 giugno 1865, n. 2358, \u00e8 considerato non avere mai acquistato la cittadinanza italiana chi \u00e8 nato all\u2019estero anche prima della data di entrata in vigore del presente articolo ed \u00e8 in possesso di altra cittadinanza, salvo che ricorra una delle seguenti condizioni:<\/em><\/p>\n<p style=\"text-align: justify;\"><em>a) lo stato di cittadino dell\u2019interessato \u00e8 riconosciuto, nel rispetto della normativa applicabile al 27 marzo 2025, a seguito di domanda, corredata della necessaria documentazione, presentata all\u2019ufficio consolare o al sindaco competenti non oltre le 23:59, ora di Roma, della medesima data;<\/em><\/p>\n<p style=\"text-align: justify;\"><em>a-bis) lo stato di cittadino dell\u2019interessato \u00e8 riconosciuto, nel rispetto della normativa applicabile al 27 marzo 2025, a seguito di domanda, corredata della necessaria documentazione, presentata all\u2019ufficio consolare o al sindaco competenti nel giorno indicato da appuntamento comunicato all\u2019interessato dall\u2019ufficio competente entro le 23:59, ora di Roma, della medesima data del 27 marzo 2025;<\/em><\/p>\n<p style=\"text-align: justify;\"><em>b) lo stato di cittadino dell\u2019interessato \u00e8 accertato giudizialmente, nel rispetto della normativa applicabile al 27 marzo 2025, a seguito di domanda giudiziale presentata non oltre le 23:59, ora di Roma, della medesima data;<\/em><\/p>\n<p style=\"text-align: justify;\"><em>c) un ascendente di primo o di secondo grado possiede, o possedeva al momento della morte, esclusivamente la cittadinanza italiana;<\/em><\/p>\n<p style=\"text-align: justify;\"><em>d) un genitore o adottante \u00e8 stato residente in Italia per almeno due anni continuativi successivamente all\u2019acquisto della cittadinanza italiana e prima della data di nascita o di adozione del figlio.<\/em><\/p>\n<p style=\"text-align: justify;\">\u2014 \u2014 \u2014<\/p>\n<p style=\"text-align: justify;\">Pertanto, in base alla nuova legge n.91 del 1992 \u00e8 riconosciuto cittadino italiano\u00a0<em>iure sanguinis<\/em>\u00a0(dalla nascita):<\/p>\n<ul style=\"text-align: justify;\">\n<li>il richiedente\u00a0<strong>nato in Italia<\/strong>\u00a0in qualsiasi data;<\/li>\n<li>il richiedente che ha esclusivamente la cittadinanza italiana<strong>, ossia che<\/strong>\u00a0<strong>non ha n\u00e9 pu\u00f2 avere nessun\u2019altra cittadinanza;<\/strong><\/li>\n<li>il richiedente che rientra in\u00a0<strong>uno dei casi<\/strong>\u00a0elencati nelle\u00a0<strong>lettere a), a-bis), b), c) e d) dell\u2019articolo 3-bis<\/strong><\/li>\n<\/ul>\n<p style=\"text-align: justify;\">\u2014 \u2014 \u2014<\/p>\n<p style=\"text-align: justify;\">Alla luce della nuova legge si precisa che:<\/p>\n<p style=\"text-align: justify;\"><strong>1) Solo le domande presentate prima del 27 marzo 2025 alle ore 23.59 ora italiana, corredate della necessaria documentazione, seguono la\u00a0normativa precedente<\/strong><\/p>\n<p style=\"text-align: justify;\">Per domande\u00a0<em>\u201cpresentate\u201d<\/em> si intende consegnate allo sportello dell\u2019Ufficio consolare prima della data ed ora sopra indicate.<\/p>\n<p style=\"text-align: justify;\"><strong>2) Solo le domande, corredate della necessaria documentazione, presentate all\u2019Ufficio consolare nel giorno indicato da appuntamento fissato e comunicato all\u2019interessato dall\u2019ufficio competente entro le 23:59, ora di Roma del 27 marzo 2025 seguono la\u00a0normativa precedente<\/strong><\/p>\n<p style=\"text-align: justify;\">Per\u00a0<em>\u201cappuntamento comunicato all\u2019interessato dall\u2019Ufficio competente\u201d<\/em>\u00a0si intende la conferma a mezzo posta elettronica ricevuta dall\u2019interessato dal portale Prenot@mi o dall\u2019indirizzo e-mail istituzionale della Sezione dell\u2019Ufficio consolare competente per l\u2019istanza.<\/p>\n<p style=\"text-align: justify;\"><strong>3) In ogni altra circostanza, alle domande si applica la nuova normativa.<\/strong><\/p>\n<p style=\"text-align: justify;\">Le tariffe consolari applicabili sono disponibili a questa\u00a0<a href=\"https:\/\/www.esteri.it\/it\/servizi-consolari-e-visti\/normativa_consolare\/tariffa-consolare\/\">pagina<\/a>.<\/p>\n<p style=\"text-align: justify;\">Per la <strong>necessaria documentazione da presentare in originale<\/strong>, gli interessati dovranno fornire:<\/p>\n<ol style=\"text-align: justify;\">\n<li>Quanto previsto dalla Circolare K.28.1 dell\u20198 aprile 1991 del Ministero dell\u2019Interno, ovverosia:<\/li>\n<li>Estratto dell\u2019atto di nascita dell\u2019avo italiano emigrato all\u2019estero rilasciato dal Comune italiano ove egli nacque;<\/li>\n<li>Atti di nascita, muniti di apostillle e di traduzione ufficiale italiana (a sua volta debitamente apostillata), di tutti i suoi discendenti in linea retta, compreso quello della persona rivendicante il possesso della cittadinanza italiana;<\/li>\n<li>Atto di matrimonio dell\u2019avo italiano emigrato all\u2019estero, munito di apostillle e di traduzione ufficiale italiana (a sua volta debitamente apostillata), se formato all\u2019estero;<\/li>\n<li>Atti di matrimonio dei suoi discendenti, in linea retta, compreso quello dei genitori della persona rivendicante il possesso della cittadinanza italiana, muniti di apostillle e di traduzione ufficiale italiana (a sua volta debitamente apostillata), se formati all\u2019estero;<\/li>\n<li>Certificato rilasciato dalle competenti Autorit\u00e0 dello Stato estero di emigrazione, munito di apostillle e traduzione ufficiale in lingua italiana (a sua volta debitamente apostillata), attestante che l\u2019avo italiano a suo tempo emigrato dall\u2019Italia non acquist\u00f2 la cittadinanza dello Stato estero di emigrazione anteriormente alla nascita dell\u2019ascendente dell\u2019interessato;<\/li>\n<li>Certificato rilasciato dalla competente Autorit\u00e0 consolare italiana attestante che n\u00e9 gli ascendenti in linea diretta n\u00e9 la persona rivendicante il possesso della cittadinanza italiana vi abbiano mai rinunciato ai termini dell\u2019art. 7 della legge 13 giugno 1912, n. 555;<\/li>\n<li>Prova di residenza nella circoscrizione consolare (certificado notarial de residencia), munito di apostillle e traduzione ufficiale in lingua italiana (a sua volta debitamente apostillata).<\/li>\n<li>Per l\u2019applicazione della <strong>nuova normativa<\/strong>, si dovranno <u>inoltre<\/u> produrre:<\/li>\n<\/ol>\n<ul style=\"text-align: justify;\">\n<li>Per dimostrare l\u2019esclusivo possesso della cittadinanza italiana (a titolo esemplificativo):\n<ul>\n<li>Certificati negativi di cittadinanza, muniti di apostillle e traduzione ufficiale in lingua italiana (a sua volta debitamente apostillata);<\/li>\n<li>Attestazioni di rinuncia alla cittadinanza;<\/li>\n<li>Certificati di non iscrizione alle liste elettorali, muniti di apostillle e traduzione ufficiale in lingua italiana (a sua volta debitamente apostillata).<\/li>\n<\/ul>\n<\/li>\n<\/ul>\n<ul style=\"text-align: justify;\">\n<li>Per dimostrare l\u2019avvenuta residenza in Italia per almeno due anni continuativi;\n<ul>\n<li>Certificato storico di cittadinanza.<\/li>\n<\/ul>\n<\/li>\n<\/ul>\n<p style=\"text-align: justify;\">Le pratiche di cittadinanza restano soggette alla percezione di 600 Euro per ogni adulto, da pagare in soles e in contanti (vedi tabella delle Tariffe Consolari) presso questo Ufficio Consolare contestualmente alla presentazione formale della richiesta.<\/p>\n<p style=\"text-align: justify;\">IMPORTANTE: &#8211; I nomi, i cognomi, luogo e data di nascita e gli altri dati contenuti negli atti, dovranno essere minuziosamente controllati dagli interessati, affinch\u00e9 non appaiano errori sugli atti stessi. Se del caso, dovranno essere effettuate le relative rettifiche amministrative, giudiziarie o notarili. In caso contrario non verr\u00e0 accettata la domanda.<\/p>\n<p style=\"text-align: justify;\"><strong>PROCEDIMENTO<\/strong><\/p>\n<p style=\"text-align: justify;\"><span style=\"text-decoration: underline;\">Fase 1.<\/span><\/p>\n<p style=\"text-align: justify;\">Effettuare l\u2019iscrizione sul portale Prenot@mi (<a href=\"https:\/\/prenotami.esteri.it\/\">https:\/\/prenotami.esteri.it\/<\/a>) e prenotare un appuntamento.<\/p>\n<p style=\"text-align: justify;\"><span style=\"text-decoration: underline;\">Fase 2.<\/span><\/p>\n<p style=\"text-align: justify;\">Il giorno dell\u2019appuntamento, nella data ed orario comunicati dal sistema, gli interessati dovranno presentare di persona allo sportello:<\/p>\n<ul style=\"text-align: justify;\">\n<li>Prova della prenotazione sul portale Prenot@mi;<\/li>\n<li>Istanza compilata (<a href=\"https:\/\/amblima.esteri.it\/wp-content\/uploads\/2025\/07\/Nuovo-Modello-Istanza-Cittadinanza-18062025.docx\">clicca qui per scaricare il modello<\/a>);<\/li>\n<li>documentazione completa a seconda della tipologia di richiesta, come sopra specificata;<\/li>\n<li>Albero genealogico (<a href=\"https:\/\/amblima.esteri.it\/wp-content\/uploads\/2025\/07\/Copia-de-8nuovo_-albero_genealogico.pdf\">clicca qui per scaricare il modello<\/a>).<\/li>\n<\/ul>\n<p style=\"text-align: justify;\">In tale occasione, dovr\u00e0 essere corrisposto, ai sensi della L. 89\/2014, il contributo di 600 euro (in soles sulla base del tasso di conversione Euro\/sol vigente per il trimestre di riferimento) e da pagare in contanti da parte di ciascun richiedente maggiorenne.<\/p>\n<p style=\"text-align: justify;\">Importante: la mancata comparizione nella data e orario dell\u2019appuntamento comporter\u00e0 l\u2019archiviazione della richiesta.<\/p>\n<p style=\"text-align: justify;\"><span style=\"text-decoration: underline;\">Fase 3.<\/span><\/p>\n<p style=\"text-align: justify;\">Questo Ufficio Consolare proceder\u00e0 all\u2019analisi dell\u2019istanza nei termini previsti per legge, comunicando eventuali richieste di integrazione\/rettifica documentale in caso di necessit\u00e0.<\/p>\n<p style=\"text-align: justify;\">\u2014 \u2014 \u2014<\/p>\n<p style=\"text-align: justify;\">Attraverso i link a destra, \u00e8 possibile accedere alle informazioni relative ad altre modalit\u00e0 specifiche di acquisizione della Cittadinanza italiana:<\/p>\n<ul>\n<li style=\"text-align: justify;\">Acquisto della Cittadinanza per \u201cbeneficio di legge\u201d (figli minori)<\/li>\n<li style=\"text-align: justify;\">Acquisto della Cittadinanza di figli minori conviventi con genitore non cittadino dalla nascita<\/li>\n<li style=\"text-align: justify;\">Riacquisto della cittadinanza<\/li>\n<li style=\"text-align: justify;\">Naturalizzazione per matrimonio<\/li>\n<li style=\"text-align: justify;\">Riconoscimento in base a leggi speciali<\/li>\n<li style=\"text-align: justify;\">Certificato di \u201cnon rinuncia\u201d<\/li>\n<\/ul>\n","protected":false},"excerpt":{"rendered":"Il decreto-legge 28 marzo 2025, n. 36, \u00e8 stato convertito con modificazioni nella\u00a0legge\u00a023 maggio 2025, n. 74, con vigenza dal 24 maggio 2025. La legge di conversione riforma la\u00a0legge 5 febbraio 1992, n. 91, il cui nuovo testo integrale \u00e8 disponibile al seguente\u00a0link Si attira, in particolare, l\u2019attenzione sul\u00a0nuovo art. 3-bis: In deroga agli articoli [&hellip;]","protected":false},"author":1,"featured_media":0,"parent":48,"menu_order":2,"comment_status":"closed","ping_status":"closed","template":"","meta":{"footnotes":""},"class_list":["post-90","page","type-page","status-publish","hentry"],"_links":{"self":[{"href":"https:\/\/amblima.esteri.it\/it\/wp-json\/wp\/v2\/pages\/90","targetHints":{"allow":["GET"]}}],"collection":[{"href":"https:\/\/amblima.esteri.it\/it\/wp-json\/wp\/v2\/pages"}],"about":[{"href":"https:\/\/amblima.esteri.it\/it\/wp-json\/wp\/v2\/types\/page"}],"author":[{"embeddable":true,"href":"https:\/\/amblima.esteri.it\/it\/wp-json\/wp\/v2\/users\/1"}],"replies":[{"embeddable":true,"href":"https:\/\/amblima.esteri.it\/it\/wp-json\/wp\/v2\/comments?post=90"}],"version-history":[{"count":7,"href":"https:\/\/amblima.esteri.it\/it\/wp-json\/wp\/v2\/pages\/90\/revisions"}],"predecessor-version":[{"id":6552,"href":"https:\/\/amblima.esteri.it\/it\/wp-json\/wp\/v2\/pages\/90\/revisions\/6552"}],"up":[{"embeddable":true,"href":"https:\/\/amblima.esteri.it\/it\/wp-json\/wp\/v2\/pages\/48"}],"wp:attachment":[{"href":"https:\/\/amblima.esteri.it\/it\/wp-json\/wp\/v2\/media?parent=90"}],"curies":[{"name":"wp","href":"https:\/\/api.w.org\/{rel}","templated":true}]}}