{"id":95,"date":"2023-04-11T18:23:52","date_gmt":"2023-04-11T16:23:52","guid":{"rendered":"https:\/\/ambasciatapraga.esteri.it\/?page_id=95"},"modified":"2024-06-17T17:24:10","modified_gmt":"2024-06-17T22:24:10","slug":"fare-affari-in-peru","status":"publish","type":"page","link":"https:\/\/amblima.esteri.it\/it\/italia-e-peru\/diplomazia-economica\/fare-affari-in-peru\/","title":{"rendered":"Fare affari in Per\u00f9"},"content":{"rendered":"<p style=\"text-align: justify;\">Negli ultimi anni il Per\u00f9 ha senz\u2019altro dimostrato di essere una delle economie pi\u00f9 stabili del sud America e si propone, quindi, come mercato di particolare interesse per le imprese italiane. Seguono i principali punti di forza del Paese e si rimanda alla sezione dedicata a questo Paese del portale infomercati esteri per ogni ulteriore puntuale approfondimento anche relativo ai settori pi\u00f9 promettenti per gli investimenti esteri diretti.<\/p>\n<p><strong>Una delle economie pi\u00f9 stabili del Sudamerica<\/strong><br \/>\nSebbene il 2023 si sia chiuso in decrescita, per via di una serie di shock interni ed esterni, per il 2024 vi sono aspettative di ripresa. Il Peru si conferma dal 2018 la sesta economia dell?America Latina, \u00e8 una delle economie pi\u00f9 stabili della regione sudamericana con un PIL pari a 243,6 miliardi di dollari nel 2023, un debito pubblico pari a 34,9%, ed una moneta resa stabile dalla politica della &#8220;fluttuazione sporca&#8221;. Nel 2023, il tasso di povert\u00e0 relativa era pari al 58,7% mentre il coefficiente Gini \u00e8 stato pari a 0,46. Il tessuto economico \u00e8 basato da PME.<\/p>\n<p><strong>Ripresa economica ed aspettative di crescita<\/strong><br \/>\nLa ripresa post-pandemica del 2022 \u00e8 stata infatti frenata da un 2023 marcato dalla decrescita (-0.7%) legata in parte a degli shock interni (proteste) ed esterni, ed ai fenomeni metereologici (Ciclone Yaku ed El Ni\u00f1o), sebbene vi siano aspettative di ripresa per l?anno in corso. Il primo trimestre del 2024 ha registrato una contrazione delle produttivit\u00e0 mentre il settore della pesca ha manifestato le conseguenze di El Ni\u00f1o con una forte riduzione. Il settore delle cave e miniere continua a trainare l?economia, assieme ad un riavvio dei progetti di spesa pubblica anche strategica.<\/p>\n<p><strong>Nuove e future sfide dell&#8217;economia peruviana<\/strong><br \/>\nStando alla panoramica tracciata dalla Banca Mondiale, i parametri macroeconomici fondamentali del Per\u00f9 rimangono solidi per cui vi sono aspettative di una ripresa della crescita nel 2024.Il paese deve affrontare varie sfide tra cui la riduzione della povert\u00e0; la riduzione della dimensione relativa del settore informale; produttivit\u00e0 e liberalizzazione dei mercati; carenza di infrastrutture anche stradali; il miglioramento della qualit\u00e0, innovazione, digitalizzazione ed accesso ai servizi anche pubblici (istruzione, sanit\u00e0, approvvigionamento di acqua e smaltimento rifiuti, ecc).<\/p>\n<p><strong>Public procurement<\/strong><br \/>\nGli appalti pubblici stanno diventando uno strumento strategico per il raggiungimento di obiettivi politici chiave nel paese. Il governo peruviano, a mezzo delle misure adottate nell?autunno 2023 per fare fronte alla recessione, ha confermato voler aumentare la spesa pubblica, in particolare nell?infrastruttura strategica, e puntare sul potenziamento del settore minerario. Il sistema sta ancora attraversando un periodo di transizione. \u00c8 stato creato un apposito portale SEACE , nel quale \u00e8 possibile visualizzare le gare di appalto.<\/p>\n<p><strong>Government to Government<\/strong><br \/>\nIl Per\u00f9 da diversi anni ha adottato la metodologia degli Accordi governo a governo (G2G) in materia di contratti pubblici per la realizzazione di importanti opere in ambito civile e militare. La procedura prevede la previa notifica alle Ambasciate che individuano a loro volta, mediante proprie procedure di evidenza, delle imprese. L&#8217;ultima selezionata si impegna a fornire il servizio di PMO mentre la controparte governativa garantisce la realizzazione dinanzi al Governo peruviano. L?attuale normativa italiana contempla tali accordi soltanto in ambito militare e non in ambito civile.<\/p>\n<p>(Giugno 2024)<\/p>\n","protected":false},"excerpt":{"rendered":"Negli ultimi anni il Per\u00f9 ha senz\u2019altro dimostrato di essere una delle economie pi\u00f9 stabili del sud America e si propone, quindi, come mercato di particolare interesse per le imprese italiane. Seguono i principali punti di forza del Paese e si rimanda alla sezione dedicata a questo Paese del portale infomercati esteri per ogni ulteriore [&hellip;]","protected":false},"author":1,"featured_media":0,"parent":43,"menu_order":0,"comment_status":"closed","ping_status":"closed","template":"","meta":{"footnotes":""},"class_list":["post-95","page","type-page","status-publish","hentry"],"_links":{"self":[{"href":"https:\/\/amblima.esteri.it\/it\/wp-json\/wp\/v2\/pages\/95","targetHints":{"allow":["GET"]}}],"collection":[{"href":"https:\/\/amblima.esteri.it\/it\/wp-json\/wp\/v2\/pages"}],"about":[{"href":"https:\/\/amblima.esteri.it\/it\/wp-json\/wp\/v2\/types\/page"}],"author":[{"embeddable":true,"href":"https:\/\/amblima.esteri.it\/it\/wp-json\/wp\/v2\/users\/1"}],"replies":[{"embeddable":true,"href":"https:\/\/amblima.esteri.it\/it\/wp-json\/wp\/v2\/comments?post=95"}],"version-history":[{"count":3,"href":"https:\/\/amblima.esteri.it\/it\/wp-json\/wp\/v2\/pages\/95\/revisions"}],"predecessor-version":[{"id":4782,"href":"https:\/\/amblima.esteri.it\/it\/wp-json\/wp\/v2\/pages\/95\/revisions\/4782"}],"up":[{"embeddable":true,"href":"https:\/\/amblima.esteri.it\/it\/wp-json\/wp\/v2\/pages\/43"}],"wp:attachment":[{"href":"https:\/\/amblima.esteri.it\/it\/wp-json\/wp\/v2\/media?parent=95"}],"curies":[{"name":"wp","href":"https:\/\/api.w.org\/{rel}","templated":true}]}}